{"id":489,"date":"2025-02-23T09:54:27","date_gmt":"2025-02-23T09:54:27","guid":{"rendered":"https:\/\/wir-philosophieren.at\/?post_type=product&#038;p=489"},"modified":"2025-02-26T10:18:02","modified_gmt":"2025-02-26T10:18:02","slug":"lebenskunstkarten-b-qualitaet","status":"publish","type":"product","link":"https:\/\/wir-philosophieren.at\/?product=lebenskunstkarten-b-qualitaet","title":{"rendered":"Lebenskunstkarten &#8211; B Qualit\u00e4t"},"content":{"rendered":"<p id=\"tw-target-text\" class=\"tw-data-text tw-text-large tw-ta\" dir=\"ltr\" data-placeholder=\"\u00dcbersetzung\" data-ved=\"2ahUKEwign-_jwdmLAxV5_7sIHd9sN_IQ3ewLegQIBxAU\"><span class=\"Y2IQFc\" lang=\"de\">Die <span style=\"color: #500000;\"><span style=\"color: #ff3300; font-family: Arial;\"><span style=\"font-family: Arial; font-size: large;\"><i><b>Lebenskunstkarten<\/b><\/i><\/span><\/span><\/span>\u00ae geben Ihnen Orientierung und wichtige Inspiration f\u00fcr Ihre konkreten Fragestellungen. Sie k\u00f6nnen im Alltag, f\u00fcr Coachings und Beratungen, zum Philosophieren oder als Therapiekarten eingesetzt werden. Sie kombinieren Erkenntnisse aus Philosophie, Psychologie und dem Tarot.<br \/>\nSie k\u00f6nnen es auch alleine, zu zweit oder in der Gruppe verwenden. Diese Box enth\u00e4lt 36 der sch\u00f6nsten Kunstwerke von Uly Paya.<br \/>\nSie k\u00f6nnen sie dann auch einrahmen und als Galerie in Ihrer Wohnung verwenden.<br \/>\nIm Lieferumfang sind neben den Karten auch eine wundersch\u00f6ne handgefertigte, exklusive Box und 2 kleine B\u00fccher enthalten.<\/span><\/p>\n<p>B-Qualit\u00e4t (kleine Kratzer an der Box)<\/p>\n","protected":false},"excerpt":{"rendered":"<p><span class=\"Y2IQFc\" lang=\"en\">life art cards with 36 topics and text in German<\/span><\/p>\n","protected":false},"featured_media":486,"comment_status":"closed","ping_status":"closed","template":"","meta":{"neve_meta_sidebar":"","neve_meta_container":"","neve_meta_enable_content_width":"off","neve_meta_content_width":100,"neve_meta_title_alignment":"","neve_meta_author_avatar":"","neve_post_elements_order":"","neve_meta_disable_header":"","neve_meta_disable_footer":"","neve_meta_disable_title":""},"product_brand":[],"product_cat":[15,20],"product_tag":[40,39,41,44,43,42,38],"class_list":{"0":"post-489","1":"product","2":"type-product","3":"status-publish","4":"has-post-thumbnail","6":"product_cat-unkategorisiert","7":"product_cat-materialien","8":"product_tag-coaching","9":"product_tag-karten","10":"product_tag-kunstkarten","11":"product_tag-philosophie","12":"product_tag-psychologie","13":"product_tag-tarot","14":"product_tag-therapie","15":"product_shipping_class-kleines-paket","17":"first","18":"instock","19":"sale","20":"shipping-taxable","21":"purchasable","22":"product-type-simple"},"_links":{"self":[{"href":"https:\/\/wir-philosophieren.at\/index.php?rest_route=\/wp\/v2\/product\/489","targetHints":{"allow":["GET"]}}],"collection":[{"href":"https:\/\/wir-philosophieren.at\/index.php?rest_route=\/wp\/v2\/product"}],"about":[{"href":"https:\/\/wir-philosophieren.at\/index.php?rest_route=\/wp\/v2\/types\/product"}],"replies":[{"embeddable":true,"href":"https:\/\/wir-philosophieren.at\/index.php?rest_route=%2Fwp%2Fv2%2Fcomments&post=489"}],"wp:featuredmedia":[{"embeddable":true,"href":"https:\/\/wir-philosophieren.at\/index.php?rest_route=\/wp\/v2\/media\/486"}],"wp:attachment":[{"href":"https:\/\/wir-philosophieren.at\/index.php?rest_route=%2Fwp%2Fv2%2Fmedia&parent=489"}],"wp:term":[{"taxonomy":"product_brand","embeddable":true,"href":"https:\/\/wir-philosophieren.at\/index.php?rest_route=%2Fwp%2Fv2%2Fproduct_brand&post=489"},{"taxonomy":"product_cat","embeddable":true,"href":"https:\/\/wir-philosophieren.at\/index.php?rest_route=%2Fwp%2Fv2%2Fproduct_cat&post=489"},{"taxonomy":"product_tag","embeddable":true,"href":"https:\/\/wir-philosophieren.at\/index.php?rest_route=%2Fwp%2Fv2%2Fproduct_tag&post=489"}],"curies":[{"name":"wp","href":"https:\/\/api.w.org\/{rel}","templated":true}]}}