{"id":793,"date":"2025-03-03T06:58:49","date_gmt":"2025-03-03T06:58:49","guid":{"rendered":"https:\/\/wir-philosophieren.at\/?page_id=793"},"modified":"2025-03-03T07:23:20","modified_gmt":"2025-03-03T07:23:20","slug":"kinderschutz-kinderrechte","status":"publish","type":"page","link":"https:\/\/wir-philosophieren.at\/?page_id=793","title":{"rendered":"Kinderschutz"},"content":{"rendered":"<p>Die Akademie nimmt Kinderschutz sowie die Kinderrechte sehr ernst. Die Mitarbeiter*innen der Akademie haben sich mit dem Thema schon viele Jahre immer wieder auseinander gesetzt. Wir \u00fcberpr\u00fcfen als Team laufend unseren Umgang und die Umsetzung in den Programmen, die wir als Akademie anbieten.<\/p><div style=\"height:30px\" aria-hidden=\"true\" class=\"wp-block-spacer\"><\/div><h2 class=\"wp-block-heading\">Risikoabw\u00e4gung:<\/h2><p>Die Akademie betreibt unterschiedlichste Workshops, in denen mit Kindern oder Jugendlichen als auch mit Erwachsenen philosophiert wird. Workshops mit Kindern finden grunds\u00e4tzlich nur unter Befolgung der <strong>Zwei-Erwachsenen-Regel<\/strong> statt. Dies betrifft Workshops in Schulen, in der Akademie oder das Philo Art Camp gleicherma\u00dfen. Das Thema Kinderschutz und Kinderrechte wird in der Akademie thematisiert, zumal die &#8222;Wertehaltung&#8220; und die &#8222;Werte der Kinder&#8220; einen hohen Stellenwert in unserem Programm, in den Workshops und Lehrg\u00e4ngen f\u00fcr Erwachsene haben.<\/p><div style=\"height:14px\" aria-hidden=\"true\" class=\"wp-block-spacer\"><\/div><h2 class=\"wp-block-heading\">Praxis\/Umsetzung:<\/h2><p>Jede*r Mitarbeiter*in als auch jeder Mitarbeiter mu\u00df sich der Inhalte des Kinderschutzes und der Kinderrechte bewusst und dar\u00fcber informiert sein. Zudem muss jeder Mitarbeiterin als auch jeder Mitarbeiter*in ein Formular der Akademie &#8222;Formular Kinderschutzrichtlinie&#8220; mit zwei Seiten angef\u00fchrten Verhaltenskodex unterschreiben. Wir f\u00fchren auch regelm\u00e4\u00dfig ein Gespr\u00e4ch mit allen MitarbeiterInnen betreffend Kinderschutz.<\/p><div style=\"height:30px\" aria-hidden=\"true\" class=\"wp-block-spacer\"><\/div><h2 class=\"wp-block-heading\">Kinderbeschwerden<\/h2><p>Kinder signalisieren ihre Unzufriedenheit <strong>direkt<\/strong><strong> aus der Situation heraus, aber auch <\/strong><strong>indirekt<\/strong><strong>, was sich <\/strong>nonverbal ausdr\u00fcckt oder im Verhalten zeigt. Diese <strong>Beschwerden<\/strong> lassen sich erst im Dialog mit dem Kind konkretisieren.<br>&nbsp;<\/p><p>Generell gilt: Wie auch immer das Kind seine Beschwerde zeigt, nehmen wir es als <strong>berechtigte \u00c4u\u00dferung <\/strong>wahr und gehen sensibel darauf ein. Selbst wenn manche Ursachen harmlos oder trivial erscheinen \u2013 die Erwachsenensicht spielt hier keine Rolle. Erst wenn die Kinder erfahren, dass ihre Beschwerden anerkannt werden, k\u00f6nnen sie lernen, eigene Anliegen klarer zu \u00e4u\u00dfern. Um Beschwerdem\u00f6glichkeiten f\u00fcr Kinder zu schaffen, beachten wir im Team die folgenden Fragen:<\/p><ul class=\"wp-block-list\"><li>Wie bringen Kinder ihre Beschwerden zum Ausdruck?<\/li>\n\n<li>Wor\u00fcber beschweren sich Kinder?<\/li>\n\n<li>Welche Beschwerdem\u00f6glichkeiten unterst\u00fctzen wir?<\/li>\n\n<li>Wie dokumentieren wir die Kinderbeschwerden?<\/li>\n\n<li>In welcher Form erhalten die Kinder R\u00fcckmeldung?<\/li><\/ul><p>Die Kinder sollen wissen, dass sie mit ihrer Beschwerde etwas bewirken und in ihrem Interesse ver\u00e4ndern k\u00f6nnen. Wir versuchen, das Beschwerdeverfahren transparent zu machen. Nicht jeder Wunsch kann erf\u00fcllt werden, das sollte auch den Kindern klar sein. Doch gemeinsam gelingt es besser, L\u00f6sungen zu finden.<br>&nbsp;<\/p><h2 class=\"wp-block-heading\">M\u00f6glichkeiten, wie wir Beschwerden sammeln:<\/h2><ul class=\"wp-block-list\"><li>Im Gruppenraum steht ein eigens gekennzeichneter Karton, der <strong>Beschwerdebriefkasten<\/strong>. Daneben liegen Zettel, darauf kann das Kind ein Bild zu seinem Beschwerdethema malen und hineinlegen. Der Briefkasten animiert auch sch\u00fcchterne Kinder. Und Sie k\u00f6nnen entscheiden, ob Sie den Inhalt vertraulich behandeln oder in der Gruppe besprechen.<\/li>\n\n<li>Die Kinder heften ihre gemalten Bilder an eine <strong>Beschwerdewand<\/strong>. Diese l\u00e4sst sich einfach aus Plakatkarton, Packpapier oder einer Tapetenrolle gestalten. Auf der Pinnwand sind die Beschwerden f\u00fcr alle gut sichtbar und k\u00f6nnen auch zeitnah aufgegriffen werden.<\/li>\n\n<li>F\u00fcr dringliche Beschwerden eignet sich die <strong>Beschwerdetrommel<\/strong>. Die Trommel hat einen festen Platz im Gruppenraum, und das Kind kann sie laut schlagen, wenn es sein Anliegen der ganzen Gruppe verk\u00fcnden will.<\/li><\/ul><h2 class=\"wp-block-heading\">Beschwerde- und Fallmanagement<\/h2><p>Eltern\/Elternteile erwarten eine optimale Betreuung und individuelle F\u00f6rderung ihrer Kinder. Doch in Erziehungsfragen wie bei der Regelerstellung oder rund um Fragen der Selbstbestimmung bei Kindern k\u00f6nnen die Meinungen weit auseinandergehen. Daher ist es auch f\u00fcr den Umgang mit Beschwerden wichtig, sich auf <strong>eine gemeinsame Linie<\/strong> zu verst\u00e4ndigen.<\/p><p>Mit der Teilnahme des Kindes akzeptieren Eltern das <strong>p\u00e4dagogische Konzept<\/strong> der Akademie. Unser Personal soll mit den Eltern kooperieren und deren erzieherische Entscheidungen achten. Doch manchmal prallen dabei unterschiedliche Ansichten aufeinander.<\/p><p>Bei wichtigen Fragen muss die Akademie den <strong>den Elternteil\/die Eltern<\/strong> informieren. In das p\u00e4dagogische Konzept der d\u00fcrfen Eltern nicht eingreifen. Allerdings haben Eltern stets ein Anh\u00f6rungsrecht.Beschwerden sind grunds\u00e4tzlich nicht als Angriff, sondern als Verbesserungsvorschlag zu betrachten. Viele Fragen und kleine Probleme lassen sich im <strong>T\u00fcr-und-Angel-Gespr\u00e4ch<\/strong> schnell kl\u00e4ren. Im Konfliktfall wird ein extra Gespr\u00e4chstermin vereinbart. Alle Beschwerden, auch <strong>telefonische,<\/strong> m\u00fcssen nicht sofort eine Antwort erhalten. Die Akademie ist offen, optimistisch und bereit, gemeinsam eine L\u00f6sung zu finden.<\/p><p>Unstimmigkeiten sind niemals vor dem Kind auszutragen, bevor nicht zuvor ein kl\u00e4rendes Gespr\u00e4ch mit den Elternteil gef\u00fchrt wurde. Sollten Eltern wie P\u00e4dagogin zustimmen, kann das Kind dem Gespr\u00e4ch beiwohnen, um Mi\u00dfverst\u00e4ndnisse zu kl\u00e4ren.<\/p><p>In emotional aufgeheizten Situationen ist es besser, <strong>die Aussprache zu verschieben<\/strong>. Bei Vorw\u00fcrfen versuchen wir, uns nicht aus der Ruhe bringen zu lassen und sachlich zu bleiben. Beschwerden und Problemf\u00e4lle sind stets dem <strong>Hauptverantwortlichen<\/strong> zu melden und bei Bedarf <strong>im Team<\/strong> zu besprechen, um die bestm\u00f6gliche L\u00f6sung f\u00fcr alle Beteiligten zu finden.<\/p><h2 class=\"wp-block-heading\">Verhaltenskodex<\/h2><p>Die Akademie &#8222;Philosophieren mit Kindern und Jugendlichen&#8220; hat sich dazu verpflichtet, das Wohl von Kindern und Jugendlichen sowie den Schutz vor Mi\u00dfbrauch und Mi\u00dfhandlung von Kindern und Jugendlichen in der eigenen Organisation sowie bei Veranstaltungen und Projekten, die einen direkten Zugang zu Kindern und Jugendlichen zur Folge haben, zu gew\u00e4hrleisten. Daher werden Ma\u00dfnahmen der Pr\u00e4vention etabliert, die eine aufmerksame Haltung gegen\u00fcber Kindern und Jugendlichen bei gleichzeitiger Wahrung ihrer Rechte etablieren und das Risiko von Gewalt und Mi\u00dfbrauch minimieren sollen.<\/p><p>Zielsetzung der Verhaltensrichtlinien zum Umgang mit Kindern ist es, dass Mitarbeitende (Angestellte sowie ehrenamtlich T\u00e4tige) und Beauftragte der Akademie &#8222;Philosophieren mit Kindern und Jugendlichen&#8220; eine gemeinsame Verantwortung f\u00fcr die Sicherheit von Kindern wahrnehmen.<\/p><p><strong>Der\/die Mitarbeitende verpflichtet sich (per Unterschrift), die Richtlinien der Akademie &#8222;Philosophieren mit Kindern und Jugendlichen&#8220; zum Schutz von Kindern zu befolgen,<\/strong> f\u00fcr die Beachtung, Bekanntmachung und Verbreitung der Verhaltensregeln in meinem Arbeitsumfeld Sorge zu tragen, auf alle Bedenken, Anschuldigungen und Vorkommnisse sofort zu reagieren und der f\u00fcr Kinderschutz verantwortlichen Person unmittelbar zur Kenntnis zu bringen.<\/p><h4 class=\"wp-block-heading\">In diesem Sinne werden die\/der Mitarbeitende<\/h4><ul class=\"wp-block-list\"><li>dazu beizutragen, ein f\u00fcr Kinder sicheres, f\u00f6rderliches und ermutigendes Umfeld zu schaffen.<\/li>\n\n<li>die Meinung und Sorgen von Kindern ernst nehmen und sie als Pers\u00f6nlichkeit f\u00f6rdern.<\/li>\n\n<li>alle Kinder mit Respekt behandeln.<\/li>\n\n<li>Nach M\u00f6glichkeit die Zwei-Erwachsenen-Regel befolgen, d.h. daf\u00fcr Sorge tragen, dassein weiterer Erwachsener anwesend oder in Reichweite ist, wenn Einzeltraining, pers\u00f6nliches Gespr\u00e4ch mit dem Kind, Ausbildung oder medizinische Behandlungen durchgef\u00fchrt werden. Falls individuelle Beratung oder Behandlung n\u00f6tig ist, wird das Einverst\u00e4ndnis des Erziehungsberechtigten eingeholt und ein weiterer Erwachsener informiert, wo und wann diese durchgef\u00fchrt wird.<\/li>\n\n<li>beim Fotografieren, Filmen oder Berichten in der \u00d6ffentlichkeitsarbeit die Menschenw\u00fcrde und das Schutzbed\u00fcrfnis von Kindern achten, insbesondere auch mit pers\u00f6nlichen Daten sorgsam umgehen und dies auch von Dritten einfordern, die Informationen \u00fcber Kinder durch die Akademie &#8222;Philosophieren mit Kindern und Jugendlichen&#8220; erhalten.<\/li><\/ul><p><strong>Ich f\u00fchle mich f\u00fcr den Schutz von Kindern vor Mi\u00dfbrauch verantwortlich und melde Verdachtsf\u00e4lle unverz\u00fcglich bei der Akademie &#8222;Philosophieren mit Kindern und Jugendlichen&#8220; verantwortlichen Person.<\/strong><\/p><p>Au\u00dferdem werde ich jede Form von Bedrohung, Diskriminierung, k\u00f6rperlicher oder verbaler Gewalt oder Einsch\u00fcchterung unterlassen. Dies bedeutet, dass ich niemals <\/p><ul class=\"wp-block-list\"><li>die durch meine Position oder mein Amt verliehene Macht oder meinen Einfluss auf das Leben und Wohlergehen eines Kindes mi\u00dfbrauche.<\/li>\n\n<li>Kinder schlage oder mich anderweitig k\u00f6rperlich an ihnen vergehe; erzieherische Ma\u00dfnahmen \u00fcbe ich gewaltfrei und ohne Dem\u00fctigung aus.<\/li>\n\n<li>ein Kind sexuell, k\u00f6rperlich oder emotional mi\u00dfhandle oder ausbeute; insbesondere niemals mit oder an einem Kind sexuelle Aktivit\u00e4ten durchf\u00fchre oder es pornographischem Material aussetze.<\/li>\n\n<li>Kinder in unangemessener oder kulturell unsensibler Weise in den Arm nehme, streichele, k\u00fcsse oder ber\u00fchre.<\/li>\n\n<li>unangemessene, unsittliche oder missbr\u00e4uchliche Ausdr\u00fccke benutze.<\/li>\n\n<li>sexuelle Anspielungen oder zweideutige Handlungen gegen\u00fcber einem Kind mache.<\/li>\n\n<li>unaufgefordert einem Kind bei intimen Aufgaben helfe, die es alleine bew\u00e4ltigen kann (wie zum Beispiel es auf die Toilette zu begleiten, zu baden oder die Kleidung zu wechseln).<\/li>\n\n<li>eine Beziehung zu Kindern aufbaue, die als ausbeuterisch oder misshandelnd erachtet werden k\u00f6nnte.<\/li>\n\n<li>\u00fcberm\u00e4\u00dfig viel Zeit mit einem einzelnen Kind getrennt von den anderen Kindern verbringe.<\/li>\n\n<li>illegales, gef\u00e4hrliches und misshandelndes Verhalten gegen\u00fcber Kindern dulde oder unterst\u00fctze.<\/li>\n\n<li>um einen Dienst oder Gefallen bitte, der als missbr\u00e4uchlich oder ausbeuterisch gegen\u00fcber Kindern betrachtet werden k\u00f6nnte.<\/li><\/ul><div style=\"height:19px\" aria-hidden=\"true\" class=\"wp-block-spacer\"><\/div><h2 class=\"wp-block-heading\">Kinderrechte<\/h2><p>Am 20. November 1989 verabschiedete die Generalversammlung der Vereinten Nationen die UN-Konvention \u00fcber die Rechte des Kindes (KRK). Alle Kinder auf der Welt erhielten damit verbriefte Rechte &#8211; auf \u00dcberleben, Entwicklung, Schutz und Beteiligung.<\/p><p>Die Kinderrechtskonvention der UN formuliert Grundwerte im Umgang mit Kindern, \u00fcber alle sozialen, kulturellen, ethnischen oder religi\u00f6sen Unterschiede hinweg. Und sie fordert eine neue Sicht auf Kinder als eigenst\u00e4ndige Pers\u00f6nlichkeiten.<\/p><p>Kinder sind eigenst\u00e4ndige Personen mit ganz speziellen Bed\u00fcrfnissen und auch Rechten. Durch die Anerkennung der UN-Kinderrechtskonvention verpflichten sich Staaten das Wohl der Kinder stets vorrangig zu ber\u00fccksichtigen.<\/p><h2 class=\"wp-block-heading\">Die Kinderrechtskonvention beruht auf vier Prinzipien:<\/h2><ul class=\"wp-block-list\"><li>Das Recht auf Gleichbehandlung: Kein Kind darf benachteiligt werden &#8211; sei es wegen seines Geschlechts, seiner Herkunft, seiner Staatsb\u00fcrgerschaft, seiner Sprache, Religion oder Hautfarbe, einer Behinderung oder wegen seiner politischen Ansichten.<\/li>\n\n<li>Das Wohl des Kindes hat Vorrang: Wann immer Entscheidungen getroffen werden, die sich auf Kinder auswirken k\u00f6nnen, muss das Wohl des Kindes vorrangig ber\u00fccksichtigt werden.<\/li>\n\n<li>Das Recht auf Leben und Entwicklung: Jedes Land verpflichtet sich, in gr\u00f6\u00dftm\u00f6glichem Umfang die Entwicklung der Kinder zu sichern.<\/li>\n\n<li>Achtung vor der Meinung des Kindes: Alle Kinder sollen als Personen ernst genommen, respektiert und in Entscheidungen einbezogen werden.<\/li><\/ul><p><\/p><h2 class=\"wp-block-heading\">10 wichtige Kinderrechte auf einen Blick<\/h2><div style=\"height:16px\" aria-hidden=\"true\" class=\"wp-block-spacer\"><\/div><div class=\"wp-block-image\"><figure class=\"aligncenter size-full\"><img loading=\"lazy\" decoding=\"async\" width=\"647\" height=\"299\" src=\"https:\/\/wir-philosophieren.at\/wp-content\/uploads\/2025\/03\/Kinderrechte.gif\" alt=\"\" class=\"wp-image-795\"\/><\/figure><\/div><div style=\"height:42px\" aria-hidden=\"true\" class=\"wp-block-spacer\"><\/div><div class=\"wp-block-image\"><figure class=\"aligncenter size-full\"><img loading=\"lazy\" decoding=\"async\" width=\"543\" height=\"768\" src=\"https:\/\/wir-philosophieren.at\/wp-content\/uploads\/2025\/03\/Kinderrechte.jpg\" alt=\"\" class=\"wp-image-794\" srcset=\"https:\/\/wir-philosophieren.at\/wp-content\/uploads\/2025\/03\/Kinderrechte.jpg 543w, https:\/\/wir-philosophieren.at\/wp-content\/uploads\/2025\/03\/Kinderrechte-212x300.jpg 212w\" sizes=\"auto, (max-width: 543px) 100vw, 543px\" \/><\/figure><\/div><div style=\"height:42px\" aria-hidden=\"true\" class=\"wp-block-spacer\"><\/div><div class=\"wp-block-image\"><figure class=\"aligncenter size-full\"><img loading=\"lazy\" decoding=\"async\" width=\"546\" height=\"768\" src=\"https:\/\/wir-philosophieren.at\/wp-content\/uploads\/2025\/03\/Kinderrechte_2.jpg\" alt=\"\" class=\"wp-image-796\" srcset=\"https:\/\/wir-philosophieren.at\/wp-content\/uploads\/2025\/03\/Kinderrechte_2.jpg 546w, https:\/\/wir-philosophieren.at\/wp-content\/uploads\/2025\/03\/Kinderrechte_2-213x300.jpg 213w\" sizes=\"auto, (max-width: 546px) 100vw, 546px\" \/><\/figure><\/div><div style=\"height:42px\" aria-hidden=\"true\" class=\"wp-block-spacer\"><\/div><p class=\"has-text-align-center\">Mehr Informationen \u00fcber die Kinderrechte der UNICEF erhaltest Du hier:<\/p><div class=\"wp-block-buttons is-content-justification-center is-layout-flex wp-container-core-buttons-is-layout-1 wp-block-buttons-is-layout-flex\"><div class=\"wp-block-button\"><a class=\"wp-block-button__link wp-element-button\" href=\"https:\/\/unicef.at\/informieren\/kinderrechte\/\" target=\"_blank\" rel=\"noreferrer noopener\">Kinderrechte UNICEF<\/a><\/div><\/div><div style=\"height:100px\" aria-hidden=\"true\" class=\"wp-block-spacer\"><\/div>","protected":false},"excerpt":{"rendered":"<p>Die Akademie nimmt Kinderschutz sowie die Kinderrechte sehr ernst. Die Mitarbeiter*innen der Akademie haben sich mit dem Thema schon viele Jahre immer wieder auseinander gesetzt. Wir \u00fcberpr\u00fcfen als Team laufend unseren Umgang und die Umsetzung in den Programmen, die wir als Akademie anbieten. Risikoabw\u00e4gung: Die Akademie betreibt unterschiedlichste Workshops, in denen mit Kindern oder Jugendlichen&hellip;&nbsp;<a href=\"https:\/\/wir-philosophieren.at\/?page_id=793\" rel=\"bookmark\">Weiterlesen &raquo;<span class=\"screen-reader-text\">Kinderschutz<\/span><\/a><\/p>\n","protected":false},"author":1,"featured_media":0,"parent":0,"menu_order":0,"comment_status":"closed","ping_status":"closed","template":"","meta":{"neve_meta_sidebar":"","neve_meta_container":"","neve_meta_enable_content_width":"","neve_meta_content_width":0,"neve_meta_title_alignment":"","neve_meta_author_avatar":"","neve_post_elements_order":"","neve_meta_disable_header":"","neve_meta_disable_footer":"","neve_meta_disable_title":"","footnotes":""},"class_list":["post-793","page","type-page","status-publish","hentry"],"_links":{"self":[{"href":"https:\/\/wir-philosophieren.at\/index.php?rest_route=\/wp\/v2\/pages\/793","targetHints":{"allow":["GET"]}}],"collection":[{"href":"https:\/\/wir-philosophieren.at\/index.php?rest_route=\/wp\/v2\/pages"}],"about":[{"href":"https:\/\/wir-philosophieren.at\/index.php?rest_route=\/wp\/v2\/types\/page"}],"author":[{"embeddable":true,"href":"https:\/\/wir-philosophieren.at\/index.php?rest_route=\/wp\/v2\/users\/1"}],"replies":[{"embeddable":true,"href":"https:\/\/wir-philosophieren.at\/index.php?rest_route=%2Fwp%2Fv2%2Fcomments&post=793"}],"version-history":[{"count":4,"href":"https:\/\/wir-philosophieren.at\/index.php?rest_route=\/wp\/v2\/pages\/793\/revisions"}],"predecessor-version":[{"id":810,"href":"https:\/\/wir-philosophieren.at\/index.php?rest_route=\/wp\/v2\/pages\/793\/revisions\/810"}],"wp:attachment":[{"href":"https:\/\/wir-philosophieren.at\/index.php?rest_route=%2Fwp%2Fv2%2Fmedia&parent=793"}],"curies":[{"name":"wp","href":"https:\/\/api.w.org\/{rel}","templated":true}]}}