{"id":372,"date":"2025-02-20T11:25:35","date_gmt":"2025-02-20T11:25:35","guid":{"rendered":"https:\/\/wir-philosophieren.at\/?page_id=372"},"modified":"2025-07-04T07:56:26","modified_gmt":"2025-07-04T07:56:26","slug":"workshops-fuer-erwachsene","status":"publish","type":"page","link":"https:\/\/wir-philosophieren.at\/?page_id=372","title":{"rendered":"Workshops f\u00fcr Erwachsene"},"content":{"rendered":"<p>Wir bringen Themen wie <strong>Ziele, \u00c4lterwerden, Gef\u00fchle, Ohnmacht, Gl\u00fccklichsein<\/strong>, <strong>Kreativit\u00e4t und Kunst<\/strong> mit. Auf Wunsch gerne ein eigenes Thema!<\/p><figure class=\"wp-block-image size-full is-resized\"><img loading=\"lazy\" decoding=\"async\" width=\"750\" height=\"500\" src=\"https:\/\/wir-philosophieren.at\/wp-content\/uploads\/2025\/02\/Einsstiegsrunde_2_volle_breite.jpg\" alt=\"\" class=\"wp-image-206\" style=\"width:465px;height:auto\" srcset=\"https:\/\/wir-philosophieren.at\/wp-content\/uploads\/2025\/02\/Einsstiegsrunde_2_volle_breite.jpg 750w, https:\/\/wir-philosophieren.at\/wp-content\/uploads\/2025\/02\/Einsstiegsrunde_2_volle_breite-300x200.jpg 300w, https:\/\/wir-philosophieren.at\/wp-content\/uploads\/2025\/02\/Einsstiegsrunde_2_volle_breite-600x400.jpg 600w\" sizes=\"auto, (max-width: 750px) 100vw, 750px\" \/><\/figure><p>Die Workshops beinhalten stets ein philosophischen Gespr\u00e4ch, welches mit Rollenspielen, Bewegungselementen, kreativen Impulsen oder einem gruppendynamisches Spiel kombiniert werden.<\/p><p><strong>Dauer:<\/strong> 2 bis 4 Stunden<\/p><p><strong>Gruppengr\u00f6\u00dfe:<\/strong> maximal 15 Personen <em>(mehr in Absprache)<\/em><\/p><p><strong>Ort:<\/strong> In der Akademie oder in Ihrer Einrichtung<\/p><p><strong>Preis: <\/strong>250 \u20ac f\u00fcr 2 Stunden, 360 \u20ac f\u00fcr 3 Stunden, 470 \u20ac f\u00fcr 4 Stunden<\/p><p><strong>Anfahrt:<\/strong> Bei weiteren Anfahrtswegen (>7 km) werden pauschal +25 \u20ac verrechnet.<\/p><p>\u00c4nderungen wie Dauer, mehrere Workshops oder Fahrten in andere Bundesl\u00e4ndern gerne auf Anfrage!<\/p><p>Hier k\u00f6nnen Sie gleich eine Anfrage schicken:<\/p><div class=\"wpforms-container wpforms-container-full wpforms-block wpforms-block-63550de6-4c48-46c1-b895-7f6bdfc57742 wpforms-render-modern\" id=\"wpforms-362\"><form id=\"wpforms-form-362\" class=\"wpforms-validate wpforms-form wpforms-ajax-form\" data-formid=\"362\" method=\"post\" enctype=\"multipart\/form-data\" action=\"\/index.php?rest_route=%2Fwp%2Fv2%2Fpages%2F372\" data-token=\"21ac4913d414e18200711a3b7e67762e\" data-token-time=\"1777290011\"><noscript class=\"wpforms-error-noscript\">Bitte aktiviere JavaScript in deinem Browser, um dieses Formular fertigzustellen.<\/noscript><div class=\"wpforms-hidden\" id=\"wpforms-error-noscript\">Bitte aktiviere JavaScript in deinem Browser, um dieses Formular fertigzustellen.<\/div><div class=\"wpforms-field-container\"><div id=\"wpforms-362-field_9-container\" class=\"wpforms-field wpforms-field-checkbox\" data-field-id=\"9\"><fieldset><legend class=\"wpforms-field-label\">Welcher Workshop w\u00fcrde Euch interessieren?<\/legend><ul id=\"wpforms-362-field_9\"><li class=\"choice-3 depth-1\"><input type=\"checkbox\" id=\"wpforms-362-field_9_3\" name=\"wpforms[fields][9][]\" value=\"Philosophieren - Themenwahl nach Absprache\" aria-errormessage=\"wpforms-362-field_9_3-error\"  ><label class=\"wpforms-field-label-inline\" for=\"wpforms-362-field_9_3\">Philosophieren &#8211; Themenwahl nach Absprache<\/label><\/li><li class=\"choice-6 depth-1\"><input type=\"checkbox\" id=\"wpforms-362-field_9_6\" name=\"wpforms[fields][9][]\" value=\"Was ist das Ziel? Wohin gehe ich\/gehen wir?\" aria-errormessage=\"wpforms-362-field_9_6-error\"  ><label class=\"wpforms-field-label-inline\" for=\"wpforms-362-field_9_6\">Was ist das Ziel? Wohin gehe ich\/gehen wir?<\/label><\/li><li class=\"choice-7 depth-1\"><input type=\"checkbox\" id=\"wpforms-362-field_9_7\" name=\"wpforms[fields][9][]\" value=\"Philo-Malworkshop mit Erwachsenen\" aria-errormessage=\"wpforms-362-field_9_7-error\"  ><label class=\"wpforms-field-label-inline\" for=\"wpforms-362-field_9_7\">Philo-Malworkshop mit Erwachsenen<\/label><\/li><li class=\"choice-2 depth-1\"><input type=\"checkbox\" id=\"wpforms-362-field_9_2\" name=\"wpforms[fields][9][]\" value=\"Ohnmacht als Chance\" aria-errormessage=\"wpforms-362-field_9_2-error\"  ><label class=\"wpforms-field-label-inline\" for=\"wpforms-362-field_9_2\">Ohnmacht als Chance<\/label><\/li><li class=\"choice-5 depth-1\"><input type=\"checkbox\" id=\"wpforms-362-field_9_5\" name=\"wpforms[fields][9][]\" value=\"Eltern- und Kindworkshop, Thema nach Wunsch\" aria-errormessage=\"wpforms-362-field_9_5-error\"  ><label class=\"wpforms-field-label-inline\" for=\"wpforms-362-field_9_5\">Eltern- und Kindworkshop, Thema nach Wunsch<\/label><\/li><\/ul><\/fieldset><\/div><div id=\"wpforms-362-field_1-container\" class=\"wpforms-field wpforms-field-name\" data-field-id=\"1\"><fieldset><legend class=\"wpforms-field-label\">Name <span class=\"wpforms-required-label\" aria-hidden=\"true\">*<\/span><\/legend><div class=\"wpforms-field-row wpforms-field-medium\"><div class=\"wpforms-field-row-block wpforms-first wpforms-one-half\"><input type=\"text\" id=\"wpforms-362-field_1\" class=\"wpforms-field-name-first wpforms-field-required\" name=\"wpforms[fields][1][first]\" aria-errormessage=\"wpforms-362-field_1-error\" required><label for=\"wpforms-362-field_1\" class=\"wpforms-field-sublabel after\">Vorname<\/label><\/div><div class=\"wpforms-field-row-block wpforms-one-half\"><input type=\"text\" id=\"wpforms-362-field_1-last\" class=\"wpforms-field-name-last wpforms-field-required\" name=\"wpforms[fields][1][last]\" aria-errormessage=\"wpforms-362-field_1-last-error\" required><label for=\"wpforms-362-field_1-last\" class=\"wpforms-field-sublabel after\">Nachname<\/label><\/div><\/div><\/fieldset><\/div><div id=\"wpforms-362-field_2-container\" class=\"wpforms-field wpforms-field-email\" data-field-id=\"2\"><label class=\"wpforms-field-label\" for=\"wpforms-362-field_2\">E-Mail-Adresse <span class=\"wpforms-required-label\" aria-hidden=\"true\">*<\/span><\/label><input type=\"email\" id=\"wpforms-362-field_2\" class=\"wpforms-field-medium wpforms-field-required\" name=\"wpforms[fields][2]\" spellcheck=\"false\" aria-errormessage=\"wpforms-362-field_2-error\" required><\/div><div id=\"wpforms-362-field_6-container\" class=\"wpforms-field wpforms-field-text\" data-field-id=\"6\"><label class=\"wpforms-field-label\" for=\"wpforms-362-field_6\">Telefonnummer<\/label><input type=\"text\" id=\"wpforms-362-field_6\" class=\"wpforms-field-medium\" name=\"wpforms[fields][6]\" aria-errormessage=\"wpforms-362-field_6-error\" ><\/div><div id=\"wpforms-362-field_3-container\" class=\"wpforms-field wpforms-field-textarea\" data-field-id=\"3\"><label class=\"wpforms-field-label\" for=\"wpforms-362-field_3\">Bitte Ihre Nachricht und ggf. Anzahl der TeilnehmerInnen, Ort, Wunschtermin und Dauer angeben, Danke!<\/label><textarea id=\"wpforms-362-field_3\" class=\"wpforms-field-medium\" name=\"wpforms[fields][3]\" aria-errormessage=\"wpforms-362-field_3-error\" ><\/textarea><\/div><div id=\"wpforms-362-field_10-container\" class=\"wpforms-field wpforms-field-checkbox\" data-field-id=\"10\"><fieldset><legend class=\"wpforms-field-label\">Informationen \u00fcber neue Fortbildungen, spezielle Veranstaltungen<\/legend><ul id=\"wpforms-362-field_10\"><li class=\"choice-1 depth-1\"><input type=\"checkbox\" id=\"wpforms-362-field_10_1\" name=\"wpforms[fields][10][]\" value=\"ja, ich h\u00e4tte bitte gerne den Info-Letter der Akademie (ca. 2-3x im Jahr)\" aria-errormessage=\"wpforms-362-field_10_1-error\"  ><label class=\"wpforms-field-label-inline\" for=\"wpforms-362-field_10_1\">ja, ich h\u00e4tte bitte gerne den Info-Letter der Akademie (ca. 2-3x im Jahr)<\/label><\/li><\/ul><\/fieldset><\/div><\/div><!-- .wpforms-field-container --><div class=\"wpforms-submit-container\" ><input type=\"hidden\" name=\"wpforms[id]\" value=\"362\"><input type=\"hidden\" name=\"page_title\" value=\"\"><input type=\"hidden\" name=\"page_url\" value=\"https:\/\/wir-philosophieren.at\/index.php?rest_route=\/wp\/v2\/pages\/372\"><button type=\"submit\" name=\"wpforms[submit]\" id=\"wpforms-submit-362\" class=\"wpforms-submit absendebutton\" data-alt-text=\"Wird gesendet\u00a0\u2026\" data-submit-text=\"Anfrage absenden\" aria-live=\"assertive\" value=\"wpforms-submit\">Anfrage absenden<\/button><img loading=\"lazy\" decoding=\"async\" src=\"https:\/\/wir-philosophieren.at\/wp-content\/plugins\/wpforms-lite\/assets\/images\/submit-spin.svg\" class=\"wpforms-submit-spinner\" style=\"display: none;\" width=\"26\" height=\"26\" alt=\"Wird geladen\"><\/div><\/form><\/div>  <!-- .wpforms-container --><p>Alle Workshops k\u00f6nnen mit gemischten Altersgruppen durchgef\u00fchrt werden.<\/p>","protected":false},"excerpt":{"rendered":"<p>Wir bringen Themen wie Ziele, \u00c4lterwerden, Gef\u00fchle, Ohnmacht, Gl\u00fccklichsein, Kreativit\u00e4t und Kunst mit. Auf Wunsch gerne ein eigenes Thema! Die Workshops beinhalten stets ein philosophischen Gespr\u00e4ch, welches mit Rollenspielen, Bewegungselementen, kreativen Impulsen oder einem gruppendynamisches Spiel kombiniert werden. Dauer: 2 bis 4 Stunden Gruppengr\u00f6\u00dfe: maximal 15 Personen (mehr in Absprache) Ort: In der Akademie oder&hellip;&nbsp;<a href=\"https:\/\/wir-philosophieren.at\/?page_id=372\" rel=\"bookmark\">Weiterlesen &raquo;<span class=\"screen-reader-text\">Workshops f\u00fcr Erwachsene<\/span><\/a><\/p>\n","protected":false},"author":1,"featured_media":0,"parent":0,"menu_order":0,"comment_status":"closed","ping_status":"closed","template":"","meta":{"neve_meta_sidebar":"","neve_meta_container":"","neve_meta_enable_content_width":"","neve_meta_content_width":0,"neve_meta_title_alignment":"","neve_meta_author_avatar":"","neve_post_elements_order":"","neve_meta_disable_header":"","neve_meta_disable_footer":"","neve_meta_disable_title":"","footnotes":""},"class_list":["post-372","page","type-page","status-publish","hentry"],"_links":{"self":[{"href":"https:\/\/wir-philosophieren.at\/index.php?rest_route=\/wp\/v2\/pages\/372","targetHints":{"allow":["GET"]}}],"collection":[{"href":"https:\/\/wir-philosophieren.at\/index.php?rest_route=\/wp\/v2\/pages"}],"about":[{"href":"https:\/\/wir-philosophieren.at\/index.php?rest_route=\/wp\/v2\/types\/page"}],"author":[{"embeddable":true,"href":"https:\/\/wir-philosophieren.at\/index.php?rest_route=\/wp\/v2\/users\/1"}],"replies":[{"embeddable":true,"href":"https:\/\/wir-philosophieren.at\/index.php?rest_route=%2Fwp%2Fv2%2Fcomments&post=372"}],"version-history":[{"count":5,"href":"https:\/\/wir-philosophieren.at\/index.php?rest_route=\/wp\/v2\/pages\/372\/revisions"}],"predecessor-version":[{"id":1032,"href":"https:\/\/wir-philosophieren.at\/index.php?rest_route=\/wp\/v2\/pages\/372\/revisions\/1032"}],"wp:attachment":[{"href":"https:\/\/wir-philosophieren.at\/index.php?rest_route=%2Fwp%2Fv2%2Fmedia&parent=372"}],"curies":[{"name":"wp","href":"https:\/\/api.w.org\/{rel}","templated":true}]}}