{"id":368,"date":"2025-02-20T11:20:13","date_gmt":"2025-02-20T11:20:13","guid":{"rendered":"https:\/\/wir-philosophieren.at\/?page_id=368"},"modified":"2025-07-04T07:57:34","modified_gmt":"2025-07-04T07:57:34","slug":"workshops-fuer-jugendliche","status":"publish","type":"page","link":"https:\/\/wir-philosophieren.at\/?page_id=368","title":{"rendered":"Workshops f\u00fcr Jugendliche"},"content":{"rendered":"<p>Wir bringen Themen wie <strong><strong>Selbstbestimmung, Schicksal, Wahrheit, Gef\u00fchle, Kreativit\u00e4t und Kunst<\/strong><\/strong> mit. Auf Wunsch gerne ein eigenes Thema!<\/p><figure class=\"wp-block-image size-large is-resized\"><img loading=\"lazy\" decoding=\"async\" width=\"1024\" height=\"768\" src=\"https:\/\/wir-philosophieren.at\/wp-content\/uploads\/2025\/02\/alle-1024x768.jpg\" alt=\"\" class=\"wp-image-667\" style=\"width:362px;height:auto\" srcset=\"https:\/\/wir-philosophieren.at\/wp-content\/uploads\/2025\/02\/alle-1024x768.jpg 1024w, https:\/\/wir-philosophieren.at\/wp-content\/uploads\/2025\/02\/alle-300x225.jpg 300w, https:\/\/wir-philosophieren.at\/wp-content\/uploads\/2025\/02\/alle-768x576.jpg 768w, https:\/\/wir-philosophieren.at\/wp-content\/uploads\/2025\/02\/alle-1536x1152.jpg 1536w, https:\/\/wir-philosophieren.at\/wp-content\/uploads\/2025\/02\/alle-600x450.jpg 600w, https:\/\/wir-philosophieren.at\/wp-content\/uploads\/2025\/02\/alle.jpg 1600w\" sizes=\"auto, (max-width: 1024px) 100vw, 1024px\" \/><\/figure><p>Die Workshops beinhalten stets ein philosophischen Gespr\u00e4ch, welches mit Rollenspielen, Bewegungselementen, kreativen Impulsen oder einem gruppendynamisches Spiel kombiniert werden.<\/p><p><strong>Dauer:<\/strong> 2 Stunden<\/p><p><strong>Gruppengr\u00f6\u00dfe:<\/strong> bis ca. 20 Jugendliche <em>(mehr in Absprache)<\/em><\/p><p><strong>Preis: <\/strong>250 \u20ac f\u00fcr 2 Stunden, 360 f\u00fcr 3 Stunden, 470 f\u00fcr 4 Stunden<\/p><p><strong>Anfahrt:<\/strong> Bei weiteren Anfahrtswegen (>7 km) werden pauschal +25 \u20ac verrechnet.<\/p><p>\u00c4nderungen wie Dauer, mehrere Workshops oder Fahrten in andere Bundesl\u00e4ndern gerne auf Anfrage!<\/p><p>Hier k\u00f6nnen Sie gleich eine Anfrage schicken:<\/p><div class=\"wpforms-container wpforms-container-full wpforms-block wpforms-block-e3fb5dd0-39f5-4ea7-b46d-d4f3211d9bb3 wpforms-render-modern\" id=\"wpforms-357\"><form id=\"wpforms-form-357\" class=\"wpforms-validate wpforms-form wpforms-ajax-form\" data-formid=\"357\" method=\"post\" enctype=\"multipart\/form-data\" action=\"\/index.php?rest_route=%2Fwp%2Fv2%2Fpages%2F368\" data-token=\"f23540307dea22cb22976bb99fe65861\" data-token-time=\"1776351345\"><noscript class=\"wpforms-error-noscript\">Bitte aktiviere JavaScript in deinem Browser, um dieses Formular fertigzustellen.<\/noscript><div class=\"wpforms-hidden\" id=\"wpforms-error-noscript\">Bitte aktiviere JavaScript in deinem Browser, um dieses Formular fertigzustellen.<\/div><div class=\"wpforms-field-container\"><div id=\"wpforms-357-field_8-container\" class=\"wpforms-field wpforms-field-radio\" data-field-id=\"8\"><fieldset><legend class=\"wpforms-field-label\">Welcher Workshop w\u00fcrde Euch interessieren?<\/legend><ul id=\"wpforms-357-field_8\"><li class=\"choice-3 depth-1\"><input type=\"radio\" id=\"wpforms-357-field_8_3\" name=\"wpforms[fields][8]\" value=\"Philosophieren - Themenwahl nach Absprache\" aria-errormessage=\"wpforms-357-field_8_3-error\"  ><label class=\"wpforms-field-label-inline\" for=\"wpforms-357-field_8_3\">Philosophieren &#8211; Themenwahl nach Absprache<\/label><\/li><li class=\"choice-1 depth-1\"><input type=\"radio\" id=\"wpforms-357-field_8_1\" name=\"wpforms[fields][8]\" value=\"Wer bin ich? Wohin gehe ich?\" aria-errormessage=\"wpforms-357-field_8_1-error\"  ><label class=\"wpforms-field-label-inline\" for=\"wpforms-357-field_8_1\">Wer bin ich? Wohin gehe ich?<\/label><\/li><li class=\"choice-2 depth-1\"><input type=\"radio\" id=\"wpforms-357-field_8_2\" name=\"wpforms[fields][8]\" value=\"Zufall, Schicksal oder (Selbst)bestimmung?\" aria-errormessage=\"wpforms-357-field_8_2-error\"  ><label class=\"wpforms-field-label-inline\" for=\"wpforms-357-field_8_2\">Zufall, Schicksal oder (Selbst)bestimmung?<\/label><\/li><li class=\"choice-5 depth-1\"><input type=\"radio\" id=\"wpforms-357-field_8_5\" name=\"wpforms[fields][8]\" value=\"Gemeinschaft - mit Spiel, wo alle gewinnen\/verlieren k\u00f6nnen.\" aria-errormessage=\"wpforms-357-field_8_5-error\"  ><label class=\"wpforms-field-label-inline\" for=\"wpforms-357-field_8_5\">Gemeinschaft &#8211; mit Spiel, wo alle gewinnen\/verlieren k\u00f6nnen.<\/label><\/li><li class=\"choice-6 depth-1\"><input type=\"radio\" id=\"wpforms-357-field_8_6\" name=\"wpforms[fields][8]\" value=\"Wahrheit, Glauben, Werte\" aria-errormessage=\"wpforms-357-field_8_6-error\"  ><label class=\"wpforms-field-label-inline\" for=\"wpforms-357-field_8_6\">Wahrheit, Glauben, Werte<\/label><\/li><li class=\"choice-4 depth-1\"><input type=\"radio\" id=\"wpforms-357-field_8_4\" name=\"wpforms[fields][8]\" value=\"Streiten und Kommunizieren - mit Rollenspielen\" aria-errormessage=\"wpforms-357-field_8_4-error\"  ><label class=\"wpforms-field-label-inline\" for=\"wpforms-357-field_8_4\">Streiten und Kommunizieren &#8211; mit Rollenspielen<\/label><\/li><li class=\"choice-7 depth-1\"><input type=\"radio\" id=\"wpforms-357-field_8_7\" name=\"wpforms[fields][8]\" value=\"Kreativit\u00e4t &amp; Kunst - Malen, Lehm und Lego\" aria-errormessage=\"wpforms-357-field_8_7-error\"  ><label class=\"wpforms-field-label-inline\" for=\"wpforms-357-field_8_7\">Kreativit\u00e4t &amp; Kunst &#8211; Malen, Lehm und Lego<\/label><\/li><\/ul><\/fieldset><\/div><div id=\"wpforms-357-field_11-container\" class=\"wpforms-field wpforms-field-select wpforms-field-select-style-classic\" data-field-id=\"11\"><label class=\"wpforms-field-label\" for=\"wpforms-357-field_11\">Wie lange soll der Workshop dauern? <span class=\"wpforms-required-label\" aria-hidden=\"true\">*<\/span><\/label><select id=\"wpforms-357-field_11\" class=\"wpforms-field-medium wpforms-field-required\" name=\"wpforms[fields][11]\" required=\"required\"><option value=\"2\" >2<\/option><option value=\"3\" >3<\/option><option value=\"4\" >4<\/option><option value=\"Tagesprogramm\" >Tagesprogramm<\/option><\/select><\/div><div id=\"wpforms-357-field_12-container\" class=\"wpforms-field wpforms-field-textarea\" data-field-id=\"12\"><label class=\"wpforms-field-label\" for=\"wpforms-357-field_12\">F\u00fcr wieviel Personen soll er sein? (inkl. Begleitpersonen) <span class=\"wpforms-required-label\" aria-hidden=\"true\">*<\/span><\/label><textarea id=\"wpforms-357-field_12\" class=\"wpforms-field-medium wpforms-field-required\" name=\"wpforms[fields][12]\" aria-errormessage=\"wpforms-357-field_12-error\" required><\/textarea><\/div><div id=\"wpforms-357-field_1-container\" class=\"wpforms-field wpforms-field-name\" data-field-id=\"1\"><fieldset><legend class=\"wpforms-field-label\">Ihr Name <span class=\"wpforms-required-label\" aria-hidden=\"true\">*<\/span><\/legend><div class=\"wpforms-field-row wpforms-field-medium\"><div class=\"wpforms-field-row-block wpforms-first wpforms-one-half\"><input type=\"text\" id=\"wpforms-357-field_1\" class=\"wpforms-field-name-first wpforms-field-required\" name=\"wpforms[fields][1][first]\" aria-errormessage=\"wpforms-357-field_1-error\" required><label for=\"wpforms-357-field_1\" class=\"wpforms-field-sublabel after\">Vorname<\/label><\/div><div class=\"wpforms-field-row-block wpforms-one-half\"><input type=\"text\" id=\"wpforms-357-field_1-last\" class=\"wpforms-field-name-last wpforms-field-required\" name=\"wpforms[fields][1][last]\" aria-errormessage=\"wpforms-357-field_1-last-error\" required><label for=\"wpforms-357-field_1-last\" class=\"wpforms-field-sublabel after\">Nachname<\/label><\/div><\/div><\/fieldset><\/div><div id=\"wpforms-357-field_2-container\" class=\"wpforms-field wpforms-field-email\" data-field-id=\"2\"><label class=\"wpforms-field-label\" for=\"wpforms-357-field_2\">E-Mail-Adresse <span class=\"wpforms-required-label\" aria-hidden=\"true\">*<\/span><\/label><input type=\"email\" id=\"wpforms-357-field_2\" class=\"wpforms-field-medium wpforms-field-required\" name=\"wpforms[fields][2]\" spellcheck=\"false\" aria-errormessage=\"wpforms-357-field_2-error\" required><\/div><div id=\"wpforms-357-field_6-container\" class=\"wpforms-field wpforms-field-text\" data-field-id=\"6\"><label class=\"wpforms-field-label\" for=\"wpforms-357-field_6\">Telefonnummer (wir rufen Sie auch gerne zur\u00fcck)<\/label><input type=\"text\" id=\"wpforms-357-field_6\" class=\"wpforms-field-medium\" name=\"wpforms[fields][6]\" aria-errormessage=\"wpforms-357-field_6-error\" ><\/div><div id=\"wpforms-357-field_3-container\" class=\"wpforms-field wpforms-field-textarea\" data-field-id=\"3\"><label class=\"wpforms-field-label\" for=\"wpforms-357-field_3\">Kommentar oder Nachricht<\/label><textarea id=\"wpforms-357-field_3\" class=\"wpforms-field-medium\" name=\"wpforms[fields][3]\" aria-errormessage=\"wpforms-357-field_3-error\" ><\/textarea><\/div><div id=\"wpforms-357-field_9-container\" class=\"wpforms-field wpforms-field-checkbox\" data-field-id=\"9\"><fieldset><legend class=\"wpforms-field-label\">Informationen \u00fcber neue Fortbildungen, spezielle Veranstaltungen <\/legend><ul id=\"wpforms-357-field_9\"><li class=\"choice-1 depth-1\"><input type=\"checkbox\" id=\"wpforms-357-field_9_1\" name=\"wpforms[fields][9][]\" value=\"ja, bitte den Info-Letter der Akademie schicken (ca. 2-3x im Jahr)\" aria-errormessage=\"wpforms-357-field_9_1-error\"  ><label class=\"wpforms-field-label-inline\" for=\"wpforms-357-field_9_1\">ja, bitte den Info-Letter der Akademie schicken (ca. 2-3x im Jahr)<\/label><\/li><\/ul><\/fieldset><\/div><\/div><!-- .wpforms-field-container --><div class=\"wpforms-submit-container\" ><input type=\"hidden\" name=\"wpforms[id]\" value=\"357\"><input type=\"hidden\" name=\"page_title\" value=\"\"><input type=\"hidden\" name=\"page_url\" value=\"https:\/\/wir-philosophieren.at\/index.php?rest_route=\/wp\/v2\/pages\/368\"><button type=\"submit\" name=\"wpforms[submit]\" id=\"wpforms-submit-357\" class=\"wpforms-submit absendebutton\" data-alt-text=\"Wird gesendet\u00a0\u2026\" data-submit-text=\"Anfrage absenden\" aria-live=\"assertive\" value=\"wpforms-submit\">Anfrage absenden<\/button><img loading=\"lazy\" decoding=\"async\" src=\"https:\/\/wir-philosophieren.at\/wp-content\/plugins\/wpforms-lite\/assets\/images\/submit-spin.svg\" class=\"wpforms-submit-spinner\" style=\"display: none;\" width=\"26\" height=\"26\" alt=\"Wird geladen\"><\/div><\/form><\/div>  <!-- .wpforms-container --><p><em>Alle Workshops k\u00f6nnen auch mit gemischten Altersgruppen, z.B. als Eltern-Kind Workshop, durchgef\u00fchrt werden.<\/em><\/p>","protected":false},"excerpt":{"rendered":"<p>Wir bringen Themen wie Selbstbestimmung, Schicksal, Wahrheit, Gef\u00fchle, Kreativit\u00e4t und Kunst mit. Auf Wunsch gerne ein eigenes Thema! Die Workshops beinhalten stets ein philosophischen Gespr\u00e4ch, welches mit Rollenspielen, Bewegungselementen, kreativen Impulsen oder einem gruppendynamisches Spiel kombiniert werden. Dauer: 2 Stunden Gruppengr\u00f6\u00dfe: bis ca. 20 Jugendliche (mehr in Absprache) Preis: 250 \u20ac f\u00fcr 2 Stunden, 360&hellip;&nbsp;<a href=\"https:\/\/wir-philosophieren.at\/?page_id=368\" rel=\"bookmark\">Weiterlesen &raquo;<span class=\"screen-reader-text\">Workshops f\u00fcr Jugendliche<\/span><\/a><\/p>\n","protected":false},"author":1,"featured_media":0,"parent":0,"menu_order":0,"comment_status":"closed","ping_status":"closed","template":"","meta":{"neve_meta_sidebar":"","neve_meta_container":"","neve_meta_enable_content_width":"","neve_meta_content_width":0,"neve_meta_title_alignment":"","neve_meta_author_avatar":"","neve_post_elements_order":"","neve_meta_disable_header":"","neve_meta_disable_footer":"","neve_meta_disable_title":"","footnotes":""},"class_list":["post-368","page","type-page","status-publish","hentry"],"_links":{"self":[{"href":"https:\/\/wir-philosophieren.at\/index.php?rest_route=\/wp\/v2\/pages\/368","targetHints":{"allow":["GET"]}}],"collection":[{"href":"https:\/\/wir-philosophieren.at\/index.php?rest_route=\/wp\/v2\/pages"}],"about":[{"href":"https:\/\/wir-philosophieren.at\/index.php?rest_route=\/wp\/v2\/types\/page"}],"author":[{"embeddable":true,"href":"https:\/\/wir-philosophieren.at\/index.php?rest_route=\/wp\/v2\/users\/1"}],"replies":[{"embeddable":true,"href":"https:\/\/wir-philosophieren.at\/index.php?rest_route=%2Fwp%2Fv2%2Fcomments&post=368"}],"version-history":[{"count":9,"href":"https:\/\/wir-philosophieren.at\/index.php?rest_route=\/wp\/v2\/pages\/368\/revisions"}],"predecessor-version":[{"id":1033,"href":"https:\/\/wir-philosophieren.at\/index.php?rest_route=\/wp\/v2\/pages\/368\/revisions\/1033"}],"wp:attachment":[{"href":"https:\/\/wir-philosophieren.at\/index.php?rest_route=%2Fwp%2Fv2%2Fmedia&parent=368"}],"curies":[{"name":"wp","href":"https:\/\/api.w.org\/{rel}","templated":true}]}}