{"id":346,"date":"2025-02-20T10:27:55","date_gmt":"2025-02-20T10:27:55","guid":{"rendered":"https:\/\/wir-philosophieren.at\/?page_id=346"},"modified":"2026-02-19T10:55:04","modified_gmt":"2026-02-19T10:55:04","slug":"workshops-fuer-kinder","status":"publish","type":"page","link":"https:\/\/wir-philosophieren.at\/?page_id=346","title":{"rendered":"Workshops f\u00fcr Kinder"},"content":{"rendered":"<ul class=\"wp-block-list\"><li>Was ist eine Gemeinschaft und wann ist diese gut?<\/li>\n\n<li>Was bedeutet Streiten?<\/li>\n\n<li>Was ist gute Kommunikation?<\/li>\n\n<li>Woher kommt der Mut?<\/li>\n\n<li>Wo f\u00e4ngt Wertsch\u00e4tzung an, wo h\u00f6rt sie auf?<\/li>\n\n<li>Was unterscheidet Glauben vom Wissen?<\/li>\n\n<li>Was ist ein Gef\u00fchl?<\/li>\n\n<li>Was bedeutet es, kreativ zu sein?<\/li>\n\n<li>Woher kommt das Anderssein?<\/li><\/ul><p>Diese und andere Themen greifen wir mit einer Gruppe auf.<\/p><div style=\"height:22px\" aria-hidden=\"true\" class=\"wp-block-spacer\"><\/div><figure class=\"wp-block-gallery has-nested-images columns-default is-cropped wp-block-gallery-1 is-layout-flex wp-block-gallery-is-layout-flex\"><figure class=\"wp-block-image size-full has-custom-border\"><img loading=\"lazy\" decoding=\"async\" width=\"800\" height=\"600\" data-id=\"672\" src=\"https:\/\/wir-philosophieren.at\/wp-content\/uploads\/2025\/02\/Kindergruppe-klein-Aleksandra-Kawka.jpg\" alt=\"\" class=\"wp-image-672\" style=\"border-radius:43px\" srcset=\"https:\/\/wir-philosophieren.at\/wp-content\/uploads\/2025\/02\/Kindergruppe-klein-Aleksandra-Kawka.jpg 800w, https:\/\/wir-philosophieren.at\/wp-content\/uploads\/2025\/02\/Kindergruppe-klein-Aleksandra-Kawka-300x225.jpg 300w, https:\/\/wir-philosophieren.at\/wp-content\/uploads\/2025\/02\/Kindergruppe-klein-Aleksandra-Kawka-768x576.jpg 768w, https:\/\/wir-philosophieren.at\/wp-content\/uploads\/2025\/02\/Kindergruppe-klein-Aleksandra-Kawka-600x450.jpg 600w\" sizes=\"auto, (max-width: 800px) 100vw, 800px\" \/><\/figure>\n\n<figure class=\"wp-block-image size-full\"><img loading=\"lazy\" decoding=\"async\" width=\"1600\" height=\"800\" data-id=\"1004\" src=\"https:\/\/wir-philosophieren.at\/wp-content\/uploads\/2025\/06\/malen2.jpg\" alt=\"\" class=\"wp-image-1004\" srcset=\"https:\/\/wir-philosophieren.at\/wp-content\/uploads\/2025\/06\/malen2.jpg 1600w, https:\/\/wir-philosophieren.at\/wp-content\/uploads\/2025\/06\/malen2-300x150.jpg 300w, https:\/\/wir-philosophieren.at\/wp-content\/uploads\/2025\/06\/malen2-1024x512.jpg 1024w, https:\/\/wir-philosophieren.at\/wp-content\/uploads\/2025\/06\/malen2-768x384.jpg 768w, https:\/\/wir-philosophieren.at\/wp-content\/uploads\/2025\/06\/malen2-1536x768.jpg 1536w, https:\/\/wir-philosophieren.at\/wp-content\/uploads\/2025\/06\/malen2-600x300.jpg 600w\" sizes=\"auto, (max-width: 1600px) 100vw, 1600px\" \/><\/figure><\/figure><div style=\"height:33px\" aria-hidden=\"true\" class=\"wp-block-spacer\"><\/div><h2 class=\"wp-block-heading\">Unsere Workshops &#8230;<\/h2><ul class=\"wp-block-list\"><li>&#8230;sind ein wertsch\u00e4tzender Rahmen, um gemeinsam in einem angeleiteten Gespr\u00e4ch zu einer spannenden Frage zu forschen.<\/li>\n\n<li>&#8230;f\u00f6rdern die Kommunikation und den Umgang miteinander in der Gruppe<\/li>\n\n<li><strong>&#8230;<\/strong>beinhalten stets Elemente der &#8222;Gewaltfreien Kommunikation&#8220; (GFK)<\/li>\n\n<li>&#8230;sind stets eine Kombination zwischen einer themenbezogenen,<strong> praktischen \u00dcbung<\/strong> (Rollenspiel, Outdoorp\u00e4dagogik&#8230; u.a.) sowie dem <strong>Bildungsprinzip <\/strong>&#8222;Philosophieren mit Kindern&#8220;.<\/li>\n\n<li>&#8230;k\u00f6nnen auch als <strong>modulares Konzept<\/strong> gebucht werden: &#8222;Wertsch\u00e4tzender Umgang, Kommunikation, Gemeinschaft&#8220; bieten wir in 3 Philosophischen Einheiten\/Workshops an, um etwa die Klassengemeinschaft zu st\u00e4rken. <\/li><\/ul><div style=\"height:42px\" aria-hidden=\"true\" class=\"wp-block-spacer\"><\/div><h2 class=\"wp-block-heading\">Hier kannst Du gleich eine Anfrage schicken:<\/h2><p><em>Alle Workshops k\u00f6nnen auch in gemischten Altersgruppen oder als Eltern-Kind Workshop durchgef\u00fchrt werden.<\/em><\/p><div class=\"wpforms-container wpforms-container-full wpforms-block wpforms-block-9f429119-baad-4699-a579-29c310a52818 wpforms-render-modern\" id=\"wpforms-771\"><form id=\"wpforms-form-771\" class=\"wpforms-validate wpforms-form wpforms-ajax-form\" data-formid=\"771\" method=\"post\" enctype=\"multipart\/form-data\" action=\"\/index.php?rest_route=%2Fwp%2Fv2%2Fpages%2F346\" data-token=\"ac562db2ccec4e78ab7403a292b01b0f\" data-token-time=\"1776202419\"><noscript class=\"wpforms-error-noscript\">Bitte aktiviere JavaScript in deinem Browser, um dieses Formular fertigzustellen.<\/noscript><div class=\"wpforms-hidden\" id=\"wpforms-error-noscript\">Bitte aktiviere JavaScript in deinem Browser, um dieses Formular fertigzustellen.<\/div><div class=\"wpforms-field-container\"><div id=\"wpforms-771-field_4-container\" class=\"wpforms-field wpforms-field-payment-checkbox\" data-field-id=\"4\"><fieldset><legend class=\"wpforms-field-label\">Diese(n) Philosophier-Workshop(s) fragen wir an: <span class=\"wpforms-required-label\" aria-hidden=\"true\">*<\/span><\/legend><ul id=\"wpforms-771-field_4\" class=\"wpforms-field-required\"><li class=\"choice-5\"><input type=\"checkbox\" id=\"wpforms-771-field_4_5\" class=\"wpforms-payment-price\" data-amount=\"250.00\" name=\"wpforms[fields][4][]\" value=\"5\" aria-errormessage=\"wpforms-771-field_4_5-error\" required ><label class=\"wpforms-field-label-inline\" for=\"wpforms-771-field_4_5\">ein philosophisches Gruppengespr\u00e4ch (mit Wunschthema oder wir bringen einfach eines mit) &#8211; kombiniert mit einer praktischen \u00dcbung (wahlweise 2-4 Std.)<\/label><\/li><li class=\"choice-3\"><input type=\"checkbox\" id=\"wpforms-771-field_4_3\" class=\"wpforms-payment-price\" data-amount=\"250.00\" name=\"wpforms[fields][4][]\" value=\"3\" aria-errormessage=\"wpforms-771-field_4_3-error\" required ><label class=\"wpforms-field-label-inline\" for=\"wpforms-771-field_4_3\">Malworkshop &amp; Atelierbesuch und das Thema &#8222;Was ist Kreativit\u00e4t?&#8220; (wahlweise 3-5 Std.)<\/label><\/li><li class=\"choice-2\"><input type=\"checkbox\" id=\"wpforms-771-field_4_2\" class=\"wpforms-payment-price\" data-amount=\"250.00\" name=\"wpforms[fields][4][]\" value=\"2\" aria-errormessage=\"wpforms-771-field_4_2-error\" required ><label class=\"wpforms-field-label-inline\" for=\"wpforms-771-field_4_2\">Wie kommunieren wir eigentlich? Was ist eine (gute) Gemeinschaft?- mit ansprechendem Gruppenspiel, wo nur alle durch Zusammenarbeit gewinnen k\u00f6nnen (wahlweise 2-3 Std.)<\/label><\/li><li class=\"choice-4\"><input type=\"checkbox\" id=\"wpforms-771-field_4_4\" class=\"wpforms-payment-price\" data-amount=\"250.00\" name=\"wpforms[fields][4][]\" value=\"4\" aria-errormessage=\"wpforms-771-field_4_4-error\" required ><label class=\"wpforms-field-label-inline\" for=\"wpforms-771-field_4_4\">&#8222;Streiten und Kommunizieren&#8220; &#8211; mit Rollenspiel (wahlweise 2-4 Std.)<\/label><\/li><li class=\"choice-6\"><input type=\"checkbox\" id=\"wpforms-771-field_4_6\" class=\"wpforms-payment-price\" data-amount=\"480.00\" name=\"wpforms[fields][4][]\" value=\"6\" aria-errormessage=\"wpforms-771-field_4_6-error\" required ><label class=\"wpforms-field-label-inline\" for=\"wpforms-771-field_4_6\">&#8222;Videocast Philotalk&#8220; \u2013 wir forschen zu einem Thema und filmen das Gespr\u00e4ch f\u00fcr Euch mit (3-5 Std.)<\/label><\/li><\/ul><\/fieldset><\/div><div id=\"wpforms-771-field_11-container\" class=\"wpforms-field wpforms-field-select wpforms-field-select-style-classic\" data-field-id=\"11\"><label class=\"wpforms-field-label\" for=\"wpforms-771-field_11\">Wieviel Workshops m\u00f6chtest Du buchen?<\/label><select id=\"wpforms-771-field_11\" class=\"wpforms-field-medium\" name=\"wpforms[fields][11]\"><option value=\"1\" >1<\/option><option value=\"2\" >2<\/option><option value=\"3\" >3<\/option><\/select><\/div><div id=\"wpforms-771-field_12-container\" class=\"wpforms-field wpforms-field-select wpforms-field-select-style-classic\" data-field-id=\"12\"><label class=\"wpforms-field-label\" for=\"wpforms-771-field_12\">Wie lange soll ein Workshop dauern? (Std)<\/label><select id=\"wpforms-771-field_12\" class=\"wpforms-field-medium\" name=\"wpforms[fields][12]\"><option value=\"2\" >2<\/option><option value=\"3\" >3<\/option><option value=\"4\" >4<\/option><option value=\"5\" >5<\/option><\/select><div id=\"wpforms-771-field_12-description\" class=\"wpforms-field-description\">Standard ist 2 Stunden, gerne auch mehr. Bei den Malworkshops sind mind. 3 und max. 5 Stunden m\u00f6glich.<\/div><\/div><div id=\"wpforms-771-field_1-container\" class=\"wpforms-field wpforms-field-name\" data-field-id=\"1\"><fieldset><legend class=\"wpforms-field-label\">Name <span class=\"wpforms-required-label\" aria-hidden=\"true\">*<\/span><\/legend><div class=\"wpforms-field-row wpforms-field-medium\"><div class=\"wpforms-field-row-block wpforms-first wpforms-one-half\"><input type=\"text\" id=\"wpforms-771-field_1\" class=\"wpforms-field-name-first wpforms-field-required\" name=\"wpforms[fields][1][first]\" aria-errormessage=\"wpforms-771-field_1-error\" required><label for=\"wpforms-771-field_1\" class=\"wpforms-field-sublabel after\">Vorname<\/label><\/div><div class=\"wpforms-field-row-block wpforms-one-half\"><input type=\"text\" id=\"wpforms-771-field_1-last\" class=\"wpforms-field-name-last wpforms-field-required\" name=\"wpforms[fields][1][last]\" aria-errormessage=\"wpforms-771-field_1-last-error\" required><label for=\"wpforms-771-field_1-last\" class=\"wpforms-field-sublabel after\">Nachname<\/label><\/div><\/div><\/fieldset><\/div><div id=\"wpforms-771-field_2-container\" class=\"wpforms-field wpforms-field-email\" data-field-id=\"2\"><label class=\"wpforms-field-label\" for=\"wpforms-771-field_2\">E-Mail-Adresse <span class=\"wpforms-required-label\" aria-hidden=\"true\">*<\/span><\/label><input type=\"email\" id=\"wpforms-771-field_2\" class=\"wpforms-field-medium wpforms-field-required\" name=\"wpforms[fields][2]\" spellcheck=\"false\" aria-errormessage=\"wpforms-771-field_2-error\" required><\/div><div id=\"wpforms-771-field_5-container\" class=\"wpforms-field wpforms-field-text\" data-field-id=\"5\"><label class=\"wpforms-field-label\" for=\"wpforms-771-field_5\">Telefonnummer (optional &amp; &quot;f\u00fcr alle F\u00e4lle&quot; oder R\u00fcckrufwunsch)<\/label><input type=\"text\" id=\"wpforms-771-field_5\" class=\"wpforms-field-medium\" name=\"wpforms[fields][5]\" aria-errormessage=\"wpforms-771-field_5-error\" ><\/div><div id=\"wpforms-771-field_6-container\" class=\"wpforms-field wpforms-field-number\" data-field-id=\"6\"><label class=\"wpforms-field-label\" for=\"wpforms-771-field_6\">Anzahl Sch\u00fcler*innen <span class=\"wpforms-required-label\" aria-hidden=\"true\">*<\/span><\/label><input type=\"number\" id=\"wpforms-771-field_6\" class=\"wpforms-field-medium wpforms-field-required\" name=\"wpforms[fields][6]\" aria-errormessage=\"wpforms-771-field_6-error\" required><\/div><div id=\"wpforms-771-field_7-container\" class=\"wpforms-field wpforms-field-text\" data-field-id=\"7\"><label class=\"wpforms-field-label\" for=\"wpforms-771-field_7\">Adresse und PLZ der Schule\/Einrichtung <span class=\"wpforms-required-label\" aria-hidden=\"true\">*<\/span><\/label><input type=\"text\" id=\"wpforms-771-field_7\" class=\"wpforms-field-medium wpforms-field-required\" name=\"wpforms[fields][7]\" aria-errormessage=\"wpforms-771-field_7-error\" required><\/div><div id=\"wpforms-771-field_13-container\" class=\"wpforms-field wpforms-field-select wpforms-field-select-style-classic\" data-field-id=\"13\"><label class=\"wpforms-field-label\" for=\"wpforms-771-field_13\">Art der Schule <span class=\"wpforms-required-label\" aria-hidden=\"true\">*<\/span><\/label><select id=\"wpforms-771-field_13\" class=\"wpforms-field-medium wpforms-field-required\" name=\"wpforms[fields][13]\" required=\"required\"><option value=\"VS, GVS, MSK\" >VS, GVS, MSK<\/option><option value=\"MS, MSK\" >MS, MSK<\/option><option value=\"ASO\" >ASO<\/option><option value=\"AHS\" >AHS<\/option><option value=\"Andere Schulform\" >Andere Schulform<\/option><\/select><\/div><div id=\"wpforms-771-field_14-container\" class=\"wpforms-field wpforms-field-select wpforms-field-select-style-classic\" data-field-id=\"14\"><label class=\"wpforms-field-label\" for=\"wpforms-771-field_14\">Schulstufe <span class=\"wpforms-required-label\" aria-hidden=\"true\">*<\/span><\/label><select id=\"wpforms-771-field_14\" class=\"wpforms-field-medium wpforms-field-required\" name=\"wpforms[fields][14]\" required=\"required\"><option value=\"bitte ausw\u00e4hlen\" >bitte ausw\u00e4hlen<\/option><option value=\"Mehrstufenklasse\" >Mehrstufenklasse<\/option><option value=\"Klassen\u00fcbergreifend\" >Klassen\u00fcbergreifend<\/option><option value=\"1\" >1<\/option><option value=\"2\" >2<\/option><option value=\"3\" >3<\/option><option value=\"4\" >4<\/option><option value=\"5\" >5<\/option><option value=\"6\" >6<\/option><option value=\"7\" >7<\/option><option value=\"8\" >8<\/option><option value=\"9\" >9<\/option><\/select><\/div><div id=\"wpforms-771-field_10-container\" class=\"wpforms-field wpforms-field-radio\" data-field-id=\"10\"><fieldset><legend class=\"wpforms-field-label\">Die Abrechnung bitte  <span class=\"wpforms-required-label\" aria-hidden=\"true\">*<\/span><\/legend><ul id=\"wpforms-771-field_10\" class=\"wpforms-field-required\"><li class=\"choice-2 depth-1\"><input type=\"radio\" id=\"wpforms-771-field_10_2\" name=\"wpforms[fields][10]\" value=\"\u00fcber die Bildungschancen (Wien)\" aria-errormessage=\"wpforms-771-field_10_2-error\" required ><label class=\"wpforms-field-label-inline\" for=\"wpforms-771-field_10_2\">\u00fcber die Bildungschancen (Wien)<\/label><\/li><li class=\"choice-1 depth-1\"><input type=\"radio\" id=\"wpforms-771-field_10_1\" name=\"wpforms[fields][10]\" value=\"per Rechnungslegung (bitte die Adresse bekanntgeben!)\" aria-errormessage=\"wpforms-771-field_10_1-error\" required ><label class=\"wpforms-field-label-inline\" for=\"wpforms-771-field_10_1\">per Rechnungslegung (bitte die Adresse bekanntgeben!)<\/label><\/li><\/ul><\/fieldset><\/div><div id=\"wpforms-771-field_8-container\" class=\"wpforms-field wpforms-field-text\" data-field-id=\"8\"><label class=\"wpforms-field-label\" for=\"wpforms-771-field_8\">bitte (wenn m\u00f6glich) Wunschtermine angeben:<\/label><input type=\"text\" id=\"wpforms-771-field_8\" class=\"wpforms-field-medium\" name=\"wpforms[fields][8]\" aria-errormessage=\"wpforms-771-field_8-error\" ><\/div><div id=\"wpforms-771-field_16-container\" class=\"wpforms-field wpforms-field-text\" data-field-id=\"16\"><label class=\"wpforms-field-label\" for=\"wpforms-771-field_16\">bitte Wunschzeiten angeben:<\/label><input type=\"text\" id=\"wpforms-771-field_16\" class=\"wpforms-field-medium\" name=\"wpforms[fields][16]\" aria-errormessage=\"wpforms-771-field_16-error\" ><\/div><div id=\"wpforms-771-field_3-container\" class=\"wpforms-field wpforms-field-textarea\" data-field-id=\"3\"><label class=\"wpforms-field-label\" for=\"wpforms-771-field_3\">Hinweise, W\u00fcnsche oder Anmerkungen<\/label><textarea id=\"wpforms-771-field_3\" class=\"wpforms-field-medium\" name=\"wpforms[fields][3]\" aria-errormessage=\"wpforms-771-field_3-error\" ><\/textarea><\/div><div id=\"wpforms-771-field_15-container\" class=\"wpforms-field wpforms-field-checkbox\" data-field-id=\"15\"><fieldset><legend class=\"wpforms-field-label\">Informationen \u00fcber neue Fortbildungen, spezielle Veranstaltungen <\/legend><ul id=\"wpforms-771-field_15\"><li class=\"choice-1 depth-1\"><input type=\"checkbox\" id=\"wpforms-771-field_15_1\" name=\"wpforms[fields][15][]\" value=\"ich h\u00e4tte bitte gerne den Info-Letter der Akademie (ca. 2-3x im Jahr)\" aria-errormessage=\"wpforms-771-field_15_1-error\"  ><label class=\"wpforms-field-label-inline\" for=\"wpforms-771-field_15_1\">ich h\u00e4tte bitte gerne den Info-Letter der Akademie (ca. 2-3x im Jahr)<\/label><\/li><\/ul><\/fieldset><\/div><\/div><!-- .wpforms-field-container --><div class=\"wpforms-submit-container\" ><input type=\"hidden\" name=\"wpforms[id]\" value=\"771\"><input type=\"hidden\" name=\"page_title\" value=\"\"><input type=\"hidden\" name=\"page_url\" value=\"https:\/\/wir-philosophieren.at\/index.php?rest_route=\/wp\/v2\/pages\/346\"><button type=\"submit\" name=\"wpforms[submit]\" id=\"wpforms-submit-771\" class=\"wpforms-submit\" data-alt-text=\"Wird gesendet\u00a0\u2026\" data-submit-text=\"Absenden der Anfrage\" aria-live=\"assertive\" value=\"wpforms-submit\">Absenden der Anfrage<\/button><img loading=\"lazy\" decoding=\"async\" src=\"https:\/\/wir-philosophieren.at\/wp-content\/plugins\/wpforms-lite\/assets\/images\/submit-spin.svg\" class=\"wpforms-submit-spinner\" style=\"display: none;\" width=\"26\" height=\"26\" alt=\"Wird geladen\"><\/div><\/form><\/div>  <!-- .wpforms-container --><div style=\"height:34px\" aria-hidden=\"true\" class=\"wp-block-spacer\"><\/div><h2 class=\"wp-block-heading\">Mehr Details zu den Workshops <\/h2><p>Im Spezialworkshop <strong>Malen &amp; Philosophieren <\/strong>laden wir die Kinder in das Atelier des Malers Uly Paya ein (Adresse ist die Akademie). Dort erz\u00e4hlt er \u00fcber seine Entwicklung im Malen und \u00fcber die unterschiedlichen Stile. Es gibt auch einen Kurzfilm auf Kinoleinwand zum Staunen. Im Garten h\u00e4lt Uly dann einen Malworkshop und nat\u00fcrlich philosophieren und forschen wir dann gemeinsam zur Frage &#8222;Was ist Kreativit\u00e4t und woher kommen die Ideen eigentlich?&#8220;. 3-5 Stunden<\/p><figure class=\"wp-block-image size-large is-resized\"><img loading=\"lazy\" decoding=\"async\" width=\"1024\" height=\"512\" src=\"https:\/\/wir-philosophieren.at\/wp-content\/uploads\/2025\/06\/Malen1-1024x512.jpg\" alt=\"\" class=\"wp-image-1006\" style=\"width:425px;height:auto\" srcset=\"https:\/\/wir-philosophieren.at\/wp-content\/uploads\/2025\/06\/Malen1-1024x512.jpg 1024w, https:\/\/wir-philosophieren.at\/wp-content\/uploads\/2025\/06\/Malen1-300x150.jpg 300w, https:\/\/wir-philosophieren.at\/wp-content\/uploads\/2025\/06\/Malen1-768x384.jpg 768w, https:\/\/wir-philosophieren.at\/wp-content\/uploads\/2025\/06\/Malen1-1536x768.jpg 1536w, https:\/\/wir-philosophieren.at\/wp-content\/uploads\/2025\/06\/Malen1-600x300.jpg 600w, https:\/\/wir-philosophieren.at\/wp-content\/uploads\/2025\/06\/Malen1.jpg 1600w\" sizes=\"auto, (max-width: 1024px) 100vw, 1024px\" \/><\/figure><p>Im <strong>Medienworkshop &#8222;Philocast&#8220;<\/strong> filmen wir mit professioneller Kamera und Equipment. Davor erarbeiten wir Fragen und \u00fcberlegen, was wir darstellen wollen. Ein Profi aus der Filmbranche begleitet uns dabei. 3 Stunden (mind.)<\/p><figure class=\"wp-block-image size-full is-resized\"><img loading=\"lazy\" decoding=\"async\" width=\"320\" height=\"240\" src=\"https:\/\/wir-philosophieren.at\/wp-content\/uploads\/2025\/03\/medienworkshop.jpg\" alt=\"\" class=\"wp-image-983\" style=\"width:430px;height:auto\" srcset=\"https:\/\/wir-philosophieren.at\/wp-content\/uploads\/2025\/03\/medienworkshop.jpg 320w, https:\/\/wir-philosophieren.at\/wp-content\/uploads\/2025\/03\/medienworkshop-300x225.jpg 300w\" sizes=\"auto, (max-width: 320px) 100vw, 320px\" \/><\/figure><p><strong>Philosophieren mit Bienen<\/strong>: Wildbienen und Honigbienen zeigen uns eine Welt voller Kreisl\u00e4ufe, Bl\u00fctenvielfalt und Geheimnisse. In diesem besonderen Workshop (Adresse ist die Akademie) erkunden Kinder und Jugendliche ab der 2. Schulstufe nicht nur, worin sich Wild- und Honigbienen unterscheiden, sondern auch wie Bienen leben und wirken. Gemeinsam tauchen wir dann in ein philosophisches Abenteuer ein: Was ist eigentlich Natur? Was bedeutet Gemeinschaft \u2013 im Bienenstock und bei uns? Was hei\u00dft es, mutig zu sein? 3 Stunden<\/p><figure class=\"wp-block-image size-full is-resized\"><img loading=\"lazy\" decoding=\"async\" width=\"1024\" height=\"683\" src=\"https:\/\/wir-philosophieren.at\/wp-content\/uploads\/2025\/07\/imkern.jpg\" alt=\"\" class=\"wp-image-1051\" style=\"width:437px;height:auto\" srcset=\"https:\/\/wir-philosophieren.at\/wp-content\/uploads\/2025\/07\/imkern.jpg 1024w, https:\/\/wir-philosophieren.at\/wp-content\/uploads\/2025\/07\/imkern-300x200.jpg 300w, https:\/\/wir-philosophieren.at\/wp-content\/uploads\/2025\/07\/imkern-768x512.jpg 768w, https:\/\/wir-philosophieren.at\/wp-content\/uploads\/2025\/07\/imkern-930x620.jpg 930w, https:\/\/wir-philosophieren.at\/wp-content\/uploads\/2025\/07\/imkern-600x400.jpg 600w\" sizes=\"auto, (max-width: 1024px) 100vw, 1024px\" \/><\/figure><p>Im <strong>Workshop \u201eGemeinschaft\u201c <\/strong>spielen wir ein Abenteuerspiel, wo ledeglich die ganze Klasse oder niemand gewinnen kann. Im philosophischen, angeleiteten Gespr\u00e4ch reflektieren und erforschen wir Fragen \u201eWas macht eine Gemeinschaft aus? Wer \u00fcbernimmt Verantwortung? Welche Rolle hat jeder?\u2026\u201c 2 &#8211; 4 Stunden<\/p><div style=\"height:5px\" aria-hidden=\"true\" class=\"wp-block-spacer\"><\/div><p><strong>Streiten und Kommunizieren<\/strong>: mit Rollenspiel &amp; Theaterelementen. Welche Gef\u00fchle entstehen beim Streiten? Woher kommt ein Streit? Was ist das \u00fcberhaupt, das Streiten? Das philosophische Gespr\u00e4ch rundet diese Einheit ab. 2 &#8211; 4 Stunden<\/p><p><strong>Philosophieren<\/strong> mit einem eigenen Wunsch-Thema ist in Absprache m\u00f6glich.<\/p><p><strong>Gruppengr\u00f6\u00dfe:<\/strong> maximal 26 Kinder <em>(mehr in Absprache)<\/em><\/p><h2 class=\"wp-block-heading\">Preise<\/h2><p><strong>Philosophier-Workshops: <\/strong>250 \u20ac f\u00fcr 2 Std., 360 \u20ac f\u00fcr 3 Std., 470 \u20ac f\u00fcr 4 Std.<br>Anmerkung: Wenn Sie mehr Stunden nehmen, k\u00f6nnen wir noch mehr in die Tiefe gehen und weitere \u00dcbungen zum Thema anbieten. Beim Malworkshop bitte 3 \u20ac pro Leinwand und Person dazurechnen.<br><br><strong>Preis \u201ePhilosophieren mit Bienen\u201c<\/strong>: 644 \u20ac f\u00fcr 3 Stunden, inkludiert einen kleinen Bio-Honig\/Person<br><br><strong>Preis Medienworkshop \u201ePhilotalk\u201c: <\/strong>540 \u20ac f\u00fcr 3 Stunden in der Akademie (+80 \u20ac  in Ihrer Institution im Raum Wien), inkl. Material und 2 Workshopleiter<\/p><p><strong>Ort: <\/strong>in Absprache entweder in der Akademie oder in Ihrer Institution (au\u00dfer Bienen Workshop)<\/p><p><strong>Anfahrt:<\/strong> Fahrtpauschale von 20 \u20ac  ab 7km von der Akademie. F\u00fcr Fahrten in die Bundesl\u00e4nder bitte anfragen!<\/p><p class=\"has-text-align-left\">Wollen Sie einen Prozess mit Kindern vertiefen, dann bieten wir <strong>modulares Konzept<\/strong>, wo wir mehrmals zu Euch kommen zum Philosophieren, z.B. 3 x 2 Stunden zu den aufeinander abgestimmten Themen: <\/p><p class=\"has-text-align-center\"><strong>&#8222;Was bedeutet Streiten?&#8220;<br>&#8222;Was ist wertsch\u00e4tzende Kommunikation?&#8220;<br>&#8222;Welche Rolle habe ich in einer Gemeinschaft? Was ist Gemeinschaft eigentlich?&#8220;<\/strong><\/p><div style=\"height:26px\" aria-hidden=\"true\" class=\"wp-block-spacer\"><\/div><div style=\"height:45px\" aria-hidden=\"true\" class=\"wp-block-spacer\"><\/div>","protected":false},"excerpt":{"rendered":"<p>Diese und andere Themen greifen wir mit einer Gruppe auf. Unsere Workshops &#8230; Hier kannst Du gleich eine Anfrage schicken: Alle Workshops k\u00f6nnen auch in gemischten Altersgruppen oder als Eltern-Kind Workshop durchgef\u00fchrt werden. Mehr Details zu den Workshops Im Spezialworkshop Malen &amp; Philosophieren laden wir die Kinder in das Atelier des Malers Uly Paya ein&hellip;&nbsp;<a href=\"https:\/\/wir-philosophieren.at\/?page_id=346\" rel=\"bookmark\">Weiterlesen &raquo;<span class=\"screen-reader-text\">Workshops f\u00fcr Kinder<\/span><\/a><\/p>\n","protected":false},"author":1,"featured_media":0,"parent":0,"menu_order":0,"comment_status":"closed","ping_status":"closed","template":"","meta":{"neve_meta_sidebar":"","neve_meta_container":"","neve_meta_enable_content_width":"","neve_meta_content_width":0,"neve_meta_title_alignment":"","neve_meta_author_avatar":"","neve_post_elements_order":"","neve_meta_disable_header":"","neve_meta_disable_footer":"","neve_meta_disable_title":"","footnotes":""},"class_list":["post-346","page","type-page","status-publish","hentry"],"_links":{"self":[{"href":"https:\/\/wir-philosophieren.at\/index.php?rest_route=\/wp\/v2\/pages\/346","targetHints":{"allow":["GET"]}}],"collection":[{"href":"https:\/\/wir-philosophieren.at\/index.php?rest_route=\/wp\/v2\/pages"}],"about":[{"href":"https:\/\/wir-philosophieren.at\/index.php?rest_route=\/wp\/v2\/types\/page"}],"author":[{"embeddable":true,"href":"https:\/\/wir-philosophieren.at\/index.php?rest_route=\/wp\/v2\/users\/1"}],"replies":[{"embeddable":true,"href":"https:\/\/wir-philosophieren.at\/index.php?rest_route=%2Fwp%2Fv2%2Fcomments&post=346"}],"version-history":[{"count":32,"href":"https:\/\/wir-philosophieren.at\/index.php?rest_route=\/wp\/v2\/pages\/346\/revisions"}],"predecessor-version":[{"id":1353,"href":"https:\/\/wir-philosophieren.at\/index.php?rest_route=\/wp\/v2\/pages\/346\/revisions\/1353"}],"wp:attachment":[{"href":"https:\/\/wir-philosophieren.at\/index.php?rest_route=%2Fwp%2Fv2%2Fmedia&parent=346"}],"curies":[{"name":"wp","href":"https:\/\/api.w.org\/{rel}","templated":true}]}}