{"id":104,"date":"2025-02-09T12:06:31","date_gmt":"2025-02-09T12:06:31","guid":{"rendered":"https:\/\/wir-philosophieren.at\/?page_id=104"},"modified":"2025-12-04T17:23:14","modified_gmt":"2025-12-04T17:23:14","slug":"kontakt","status":"publish","type":"page","link":"https:\/\/wir-philosophieren.at\/?page_id=104","title":{"rendered":"Kontakt"},"content":{"rendered":"<p>Am besten sind wir per Kontaktformular\/Email erreichbar.<br>Wir rufen auf Wunsch auch gerne und baldm\u00f6glichst zur\u00fcck.<br>Hinterlassen Sie daf\u00fcr bitte Ihre Tel.Nr. auf unserem Tonband oder schicken Sie uns eine kurze Nachricht. Danke!<br><\/p><style id=\"wpforms-css-vars-243-block-0467b817-2f89-4fc7-8afa-edab9adc472b\">\n\t\t\t\t#wpforms-243.wpforms-block-0467b817-2f89-4fc7-8afa-edab9adc472b {\n\t\t\t\t--wpforms-field-menu-color: var(--nv-light-bg);\n--wpforms-button-background-color: var(--nv-dark-bg);\n--wpforms-field-size-input-height: 43px;\n--wpforms-field-size-input-spacing: 15px;\n--wpforms-field-size-font-size: 16px;\n--wpforms-field-size-line-height: 19px;\n--wpforms-field-size-padding-h: 14px;\n--wpforms-field-size-checkbox-size: 16px;\n--wpforms-field-size-sublabel-spacing: 5px;\n--wpforms-field-size-icon-size: 1;\n--wpforms-label-size-font-size: 16px;\n--wpforms-label-size-line-height: 19px;\n--wpforms-label-size-sublabel-font-size: 14px;\n--wpforms-label-size-sublabel-line-height: 17px;\n--wpforms-button-size-font-size: 17px;\n--wpforms-button-size-height: 41px;\n--wpforms-button-size-padding-h: 15px;\n--wpforms-button-size-margin-top: 10px;\n\n\t\t\t}\n\t\t\t<\/style><div class=\"wpforms-container wpforms-container-full wpforms-block wpforms-block-0467b817-2f89-4fc7-8afa-edab9adc472b wpforms-render-modern\" id=\"wpforms-243\"><form id=\"wpforms-form-243\" class=\"wpforms-validate wpforms-form wpforms-ajax-form\" data-formid=\"243\" method=\"post\" enctype=\"multipart\/form-data\" action=\"\/index.php?rest_route=%2Fwp%2Fv2%2Fpages%2F104\" data-token=\"533091f984994862bc541f37874f55a4\" data-token-time=\"1777575962\"><noscript class=\"wpforms-error-noscript\">Bitte aktiviere JavaScript in deinem Browser, um dieses Formular fertigzustellen.<\/noscript><div class=\"wpforms-hidden\" id=\"wpforms-error-noscript\">Bitte aktiviere JavaScript in deinem Browser, um dieses Formular fertigzustellen.<\/div><div class=\"wpforms-field-container\"><div id=\"wpforms-243-field_1-container\" class=\"wpforms-field wpforms-field-name\" data-field-id=\"1\"><fieldset><legend class=\"wpforms-field-label\">Name <span class=\"wpforms-required-label\" aria-hidden=\"true\">*<\/span><\/legend><div class=\"wpforms-field-row wpforms-field-medium\"><div class=\"wpforms-field-row-block wpforms-first wpforms-one-half\"><input type=\"text\" id=\"wpforms-243-field_1\" class=\"wpforms-field-name-first wpforms-field-required\" name=\"wpforms[fields][1][first]\" aria-errormessage=\"wpforms-243-field_1-error\" required><label for=\"wpforms-243-field_1\" class=\"wpforms-field-sublabel after\">Vorname<\/label><\/div><div class=\"wpforms-field-row-block wpforms-one-half\"><input type=\"text\" id=\"wpforms-243-field_1-last\" class=\"wpforms-field-name-last wpforms-field-required\" name=\"wpforms[fields][1][last]\" aria-errormessage=\"wpforms-243-field_1-last-error\" required><label for=\"wpforms-243-field_1-last\" class=\"wpforms-field-sublabel after\">Nachname<\/label><\/div><\/div><\/fieldset><\/div><div id=\"wpforms-243-field_2-container\" class=\"wpforms-field wpforms-field-email\" data-field-id=\"2\"><fieldset><legend class=\"wpforms-field-label\">E-Mail-Adresse <span class=\"wpforms-required-label\" aria-hidden=\"true\">*<\/span><\/legend><div class=\"wpforms-field-row wpforms-field-medium\"><div class=\"wpforms-field-row-block wpforms-one-half wpforms-first\"><input type=\"email\" id=\"wpforms-243-field_2\" class=\"wpforms-field-required wpforms-field-email-primary\" name=\"wpforms[fields][2][primary]\" spellcheck=\"false\" aria-errormessage=\"wpforms-243-field_2-error\" required><label for=\"wpforms-243-field_2\" class=\"wpforms-field-sublabel after\">E-Mail-Adresse<\/label><\/div><div class=\"wpforms-field-row-block wpforms-one-half\"><input type=\"email\" id=\"wpforms-243-field_2-secondary\" class=\"wpforms-field-email-secondary wpforms-field-required\" data-rule-confirm=\"#wpforms-243-field_2\" name=\"wpforms[fields][2][secondary]\" spellcheck=\"false\" aria-errormessage=\"wpforms-243-field_2-secondary-error\" required><label for=\"wpforms-243-field_2-secondary\" class=\"wpforms-field-sublabel after\">E-Mail best\u00e4tigen<\/label><\/div><\/div><\/fieldset><\/div><div id=\"wpforms-243-field_4-container\" class=\"wpforms-field wpforms-field-text\" data-field-id=\"4\"><label class=\"wpforms-field-label\" for=\"wpforms-243-field_4\">Telefonnummer<\/label><input type=\"text\" id=\"wpforms-243-field_4\" class=\"wpforms-field-small\" name=\"wpforms[fields][4]\" aria-errormessage=\"wpforms-243-field_4-error\" ><\/div><div id=\"wpforms-243-field_3-container\" class=\"wpforms-field wpforms-field-textarea\" data-field-id=\"3\"><label class=\"wpforms-field-label\" for=\"wpforms-243-field_3\">Kommentar oder Nachricht<\/label><textarea id=\"wpforms-243-field_3\" class=\"wpforms-field-medium\" name=\"wpforms[fields][3]\" aria-errormessage=\"wpforms-243-field_3-error\" ><\/textarea><\/div><div id=\"wpforms-243-field_5-container\" class=\"wpforms-field wpforms-field-checkbox\" data-field-id=\"5\"><fieldset><legend class=\"wpforms-field-label\">Newsletter<\/legend><ul id=\"wpforms-243-field_5\"><li class=\"choice-1 depth-1\"><input type=\"checkbox\" id=\"wpforms-243-field_5_1\" name=\"wpforms[fields][5][]\" value=\"Ich bin noch nicht im Verteiler und freue mich \u00fcber 1-2 Emails pro Jahr mit Informationen der Akademie. Ich habe die Datenschutzbestimmungen in unseren AGBs gelesen.\" aria-errormessage=\"wpforms-243-field_5_1-error\"  ><label class=\"wpforms-field-label-inline\" for=\"wpforms-243-field_5_1\">Ich bin noch nicht im Verteiler und freue mich \u00fcber 1-2 Emails pro Jahr mit Informationen der Akademie. Ich habe die Datenschutzbestimmungen in unseren AGBs gelesen.<\/label><\/li><\/ul><\/fieldset><\/div><\/div><!-- .wpforms-field-container --><div class=\"wpforms-recaptcha-container wpforms-is-recaptcha wpforms-is-recaptcha-type-v2\" ><div class=\"g-recaptcha\" data-sitekey=\"6LeQD7wsAAAAALbcn8TAo9Y_bKI0IY8Za7-Kl3Pl\"><\/div><input type=\"text\" name=\"g-recaptcha-hidden\" class=\"wpforms-recaptcha-hidden\" style=\"position:absolute!important;clip:rect(0,0,0,0)!important;height:1px!important;width:1px!important;border:0!important;overflow:hidden!important;padding:0!important;margin:0!important;\" data-rule-recaptcha=\"1\"><\/div><div class=\"wpforms-submit-container\" ><input type=\"hidden\" name=\"wpforms[id]\" value=\"243\"><input type=\"hidden\" name=\"page_title\" value=\"\"><input type=\"hidden\" name=\"page_url\" value=\"https:\/\/wir-philosophieren.at\/index.php?rest_route=\/wp\/v2\/pages\/104\"><button type=\"submit\" name=\"wpforms[submit]\" id=\"wpforms-submit-243\" class=\"wpforms-submit\" data-alt-text=\"Wird gesendet\u00a0\u2026\" data-submit-text=\"Absenden\" aria-live=\"assertive\" value=\"wpforms-submit\">Absenden<\/button><img loading=\"lazy\" decoding=\"async\" src=\"https:\/\/wir-philosophieren.at\/wp-content\/plugins\/wpforms-lite\/assets\/images\/submit-spin.svg\" class=\"wpforms-submit-spinner\" style=\"display: none;\" width=\"26\" height=\"26\" alt=\"Wird geladen\"><\/div><\/form><\/div>  <!-- .wpforms-container --><div style=\"height:42px\" aria-hidden=\"true\" class=\"wp-block-spacer\"><\/div><h2 class=\"wp-block-heading\"><\/h2><figure class=\"wp-block-image size-full\"><img loading=\"lazy\" decoding=\"async\" width=\"384\" height=\"120\" src=\"https:\/\/wir-philosophieren.at\/wp-content\/uploads\/2025\/02\/Banner-Philosophieren-mit-Kindern-Akademie-Wien.jpg\" alt=\"\" class=\"wp-image-298\" srcset=\"https:\/\/wir-philosophieren.at\/wp-content\/uploads\/2025\/02\/Banner-Philosophieren-mit-Kindern-Akademie-Wien.jpg 384w, https:\/\/wir-philosophieren.at\/wp-content\/uploads\/2025\/02\/Banner-Philosophieren-mit-Kindern-Akademie-Wien-300x94.jpg 300w\" sizes=\"auto, (max-width: 384px) 100vw, 384px\" \/><\/figure><p>Akademie &#8222;Philosophieren mit Kindern, Jugendlichen und Erwachsenen&#8220;<br>Philo KG, Alfred-Wegener-Gasse 21<br>1190 Wien, Telefon: ++43\/1\/328 20 45<\/p><div class=\"wp-block-group is-layout-grid wp-container-core-group-is-layout-1 wp-block-group-is-layout-grid\"><div class=\"wp-block-columns are-vertically-aligned-center wp-container-content-1 is-layout-flex wp-container-core-columns-is-layout-1 wp-block-columns-is-layout-flex\"><div class=\"wp-block-column is-vertically-aligned-center is-layout-flow wp-block-column-is-layout-flow\" style=\"flex-basis:100%\"><\/div><\/div><\/div><h2 class=\"wp-block-heading\"><strong> <\/strong><\/h2><h2 class=\"wp-block-heading\"><\/h2><p><\/p>","protected":false},"excerpt":{"rendered":"<p>Am besten sind wir per Kontaktformular\/Email erreichbar.Wir rufen auf Wunsch auch gerne und baldm\u00f6glichst zur\u00fcck.Hinterlassen Sie daf\u00fcr bitte Ihre Tel.Nr. auf unserem Tonband oder schicken Sie uns eine kurze Nachricht. Danke! Akademie &#8222;Philosophieren mit Kindern, Jugendlichen und Erwachsenen&#8220;Philo KG, Alfred-Wegener-Gasse 211190 Wien, Telefon: ++43\/1\/328 20 45<\/p>\n","protected":false},"author":1,"featured_media":0,"parent":0,"menu_order":0,"comment_status":"closed","ping_status":"closed","template":"","meta":{"neve_meta_sidebar":"","neve_meta_container":"","neve_meta_enable_content_width":"","neve_meta_content_width":0,"neve_meta_title_alignment":"","neve_meta_author_avatar":"","neve_post_elements_order":"","neve_meta_disable_header":"","neve_meta_disable_footer":"","neve_meta_disable_title":"","footnotes":""},"class_list":["post-104","page","type-page","status-publish","hentry"],"_links":{"self":[{"href":"https:\/\/wir-philosophieren.at\/index.php?rest_route=\/wp\/v2\/pages\/104","targetHints":{"allow":["GET"]}}],"collection":[{"href":"https:\/\/wir-philosophieren.at\/index.php?rest_route=\/wp\/v2\/pages"}],"about":[{"href":"https:\/\/wir-philosophieren.at\/index.php?rest_route=\/wp\/v2\/types\/page"}],"author":[{"embeddable":true,"href":"https:\/\/wir-philosophieren.at\/index.php?rest_route=\/wp\/v2\/users\/1"}],"replies":[{"embeddable":true,"href":"https:\/\/wir-philosophieren.at\/index.php?rest_route=%2Fwp%2Fv2%2Fcomments&post=104"}],"version-history":[{"count":11,"href":"https:\/\/wir-philosophieren.at\/index.php?rest_route=\/wp\/v2\/pages\/104\/revisions"}],"predecessor-version":[{"id":1202,"href":"https:\/\/wir-philosophieren.at\/index.php?rest_route=\/wp\/v2\/pages\/104\/revisions\/1202"}],"wp:attachment":[{"href":"https:\/\/wir-philosophieren.at\/index.php?rest_route=%2Fwp%2Fv2%2Fmedia&parent=104"}],"curies":[{"name":"wp","href":"https:\/\/api.w.org\/{rel}","templated":true}]}}