{"id":103,"date":"2025-02-09T12:06:31","date_gmt":"2025-02-09T12:06:31","guid":{"rendered":"https:\/\/wir-philosophieren.at\/?page_id=103"},"modified":"2025-05-21T11:56:53","modified_gmt":"2025-05-21T11:56:53","slug":"aufbaumodule","status":"publish","type":"page","link":"https:\/\/wir-philosophieren.at\/?page_id=103","title":{"rendered":"Aufbaumodule"},"content":{"rendered":"<div class=\"wp-block-image\"><figure class=\"alignleft size-full is-resized\"><img loading=\"lazy\" decoding=\"async\" width=\"960\" height=\"654\" src=\"https:\/\/wir-philosophieren.at\/wp-content\/uploads\/2025\/02\/universe-1044107_960_720.jpg\" alt=\"\" class=\"wp-image-642\" style=\"width:372px;height:auto\" srcset=\"https:\/\/wir-philosophieren.at\/wp-content\/uploads\/2025\/02\/universe-1044107_960_720.jpg 960w, https:\/\/wir-philosophieren.at\/wp-content\/uploads\/2025\/02\/universe-1044107_960_720-300x204.jpg 300w, https:\/\/wir-philosophieren.at\/wp-content\/uploads\/2025\/02\/universe-1044107_960_720-768x523.jpg 768w, https:\/\/wir-philosophieren.at\/wp-content\/uploads\/2025\/02\/universe-1044107_960_720-600x409.jpg 600w\" sizes=\"auto, (max-width: 960px) 100vw, 960px\" \/><\/figure><\/div><div style=\"height:14px\" aria-hidden=\"true\" class=\"wp-block-spacer\"><\/div><p>Die <strong>Aufbaumodule<\/strong> laden ein, das Philosophieren nach dem Lehrgang, wo die Grundtechnik erlernt wurde, weiter zu entwickeln und erweiterte Methoden kennen zu lernen.<\/p><h2 class=\"wp-block-heading\"><strong>Aufbaumodul<\/strong><strong> I<\/strong><\/h2><p>Im <strong>Aufbaumodul<\/strong> <strong>I<\/strong> lernst du weitere Methoden und Varianten des Philosophierens in unterschiedlichen Kleinworkshops kennen. Es werden aufbauend auf die Basisausbildung <strong>neue und erg\u00e4nzende Methoden<\/strong> vorgestellt, mit denen das eigene Repertoire erweitert werden kann. Das erg\u00e4nzt und inspiriert die eigene Arbeit. Dazu geh\u00f6ren Beispiele aus der Outdoor-P\u00e4dagogik oder sehr spezielle \u00dcbungen zur Pers\u00f6nlichkeitsentwicklung. Der Austausch mit Anderen, m\u00f6gliche Kooperationen sowie das Vermitteln des Philosophierens an Eltern, Geldgeber oder die \u00d6ffentlichkeit runden die Aufbaumodule ab.<\/p><ul class=\"wp-block-list\"><li><strong>Philosophieren mit gro\u00dfen Gruppen I + II<\/strong><\/li>\n\n<li><strong>Besondere Formen des Philosophierens I bis IV<\/strong><\/li>\n\n<li><strong>Besondere Einstiegsformen mit Outdoor-P\u00e4dagogik<\/strong><\/li>\n\n<li><strong>Philosophieren mit dem Team, KollegInnen, Eltern<\/strong><\/li>\n\n<li><strong>Vermittlung des Philosophierens, Transfer &amp; Bewerbung<\/strong><\/li>\n\n<li><strong>Umgang mit Eltern, Geldgebern und der \u00d6ffentlichkeit<\/strong><\/li>\n\n<li><strong>inklusive speziellem Salongespr\u00e4ch mit Schwerpunkt Kunst und Kreativit\u00e4t<\/strong><\/li>\n\n<li><strong>Austausch, Netzwerke, gemeinsame Projekte<\/strong><\/li><\/ul><p><strong>Zeiten:<\/strong><strong> Tagesseminar, 10 &#8211; 17 Uhr<\/strong><\/p><p><strong>Kosten:<\/strong> <strong>150 \u20ac<\/strong><\/p><div style=\"height:20px\" aria-hidden=\"true\" class=\"wp-block-spacer\"><\/div><h2 class=\"wp-block-heading\"><strong>Aufbaumodul II<\/strong><\/h2><p>Im zweiten Aufbaumodul werden&nbsp;weitere Methoden und Varianten des Philosophierens, wie z.B. ein &#8222;Provokationsphilosophieren&#8220;, vorgestellt. Anhand mehrerer Kurzworkshops wollen wir neue Einstiegsvarianten und v\u00f6llig andere Zug\u00e4nge zum Philosophieren kennen lernen. Dabei soll zudem das Thema der Spiritualit\u00e4t und seine M\u00f6glichkeiten thematisiert werden.<\/p><ul class=\"wp-block-list\"><li><strong>Philosophieren <em>&#8222;advanced&#8220;<\/em><\/strong><\/li>\n\n<li><strong>Spiritualit\u00e4t: Ahnenreise und die Frage &#8222;Woher komme ich?&#8220;<\/strong><\/li>\n\n<li><strong>Die Evolution einer Frage<\/strong><\/li>\n\n<li><strong>Einstiegsformen <em>&#8222;advanced&#8220;<\/em><\/strong><\/li>\n\n<li><strong>Eigene \u00dcbungseinheiten mit Fokus und Feedback<\/strong><\/li>\n\n<li><strong>Austausch, Netzwerken<\/strong><\/li><\/ul><p><strong>Zeiten:<\/strong><strong> Tagesseminar, 10 &#8211; 17 Uhr<\/strong><\/p><p><strong>Kosten:<\/strong> <strong>150 \u20ac<\/strong><\/p><div style=\"height:25px\" aria-hidden=\"true\" class=\"wp-block-spacer\"><\/div><h2 class=\"wp-block-heading\"><strong>Termine :<\/strong><\/h2><p><strong>Aufbaumodul<\/strong><strong>\u00a0\u00a0 I:\u00a0\u00a0<\/strong><em>derzeit kein Termin mehr verf\u00fcgbar<\/em><\/p><p><strong>Aufbaumodul&nbsp; II:&nbsp;<\/strong> <em><em>in Absprache<\/em><\/em>, es wird ein gemeinsamer Termin geplant, bitte anmelden!<\/p><p><strong>Veranstaltungsort:<\/strong> in der Akademie, 1190 Wien<\/p><p><strong>TeilnehmerIn-Anzahl :<\/strong> mindestens 10, maximal 20 Personen<\/p><div style=\"height:57px\" aria-hidden=\"true\" class=\"wp-block-spacer\"><\/div><h2 class=\"wp-block-heading\">Melde Dich hier an:<\/h2><div class=\"wpforms-container wpforms-container-full wpforms-block wpforms-block-679f4c87-aa1d-43d3-989b-e37e739b7e05 wpforms-render-modern\" id=\"wpforms-951\"><form id=\"wpforms-form-951\" class=\"wpforms-validate wpforms-form wpforms-ajax-form\" data-formid=\"951\" method=\"post\" enctype=\"multipart\/form-data\" action=\"\/index.php?rest_route=%2Fwp%2Fv2%2Fpages%2F103\" data-token=\"6e20cb55d5a9aa3aee6d343b0593910d\" data-token-time=\"1776385391\"><noscript class=\"wpforms-error-noscript\">Bitte aktiviere JavaScript in deinem Browser, um dieses Formular fertigzustellen.<\/noscript><div class=\"wpforms-hidden\" id=\"wpforms-error-noscript\">Bitte aktiviere JavaScript in deinem Browser, um dieses Formular fertigzustellen.<\/div><div class=\"wpforms-field-container\"><div id=\"wpforms-951-field_1-container\" class=\"wpforms-field wpforms-field-name\" data-field-id=\"1\"><fieldset><legend class=\"wpforms-field-label\">Name <span class=\"wpforms-required-label\" aria-hidden=\"true\">*<\/span><\/legend><div class=\"wpforms-field-row wpforms-field-medium\"><div class=\"wpforms-field-row-block wpforms-first wpforms-one-half\"><input type=\"text\" id=\"wpforms-951-field_1\" class=\"wpforms-field-name-first wpforms-field-required\" name=\"wpforms[fields][1][first]\" aria-errormessage=\"wpforms-951-field_1-error\" required><label for=\"wpforms-951-field_1\" class=\"wpforms-field-sublabel after\">Vorname<\/label><\/div><div class=\"wpforms-field-row-block wpforms-one-half\"><input type=\"text\" id=\"wpforms-951-field_1-last\" class=\"wpforms-field-name-last wpforms-field-required\" name=\"wpforms[fields][1][last]\" aria-errormessage=\"wpforms-951-field_1-last-error\" required><label for=\"wpforms-951-field_1-last\" class=\"wpforms-field-sublabel after\">Nachname<\/label><\/div><\/div><\/fieldset><\/div><div id=\"wpforms-951-field_2-container\" class=\"wpforms-field wpforms-field-email\" data-field-id=\"2\"><label class=\"wpforms-field-label\" for=\"wpforms-951-field_2\">E-Mail-Adresse <span class=\"wpforms-required-label\" aria-hidden=\"true\">*<\/span><\/label><input type=\"email\" id=\"wpforms-951-field_2\" class=\"wpforms-field-medium wpforms-field-required\" name=\"wpforms[fields][2]\" spellcheck=\"false\" aria-errormessage=\"wpforms-951-field_2-error\" required><\/div><div id=\"wpforms-951-field_4-container\" class=\"wpforms-field wpforms-field-text\" data-field-id=\"4\"><label class=\"wpforms-field-label\" for=\"wpforms-951-field_4\">Telefonnummer (optional)<\/label><input type=\"text\" id=\"wpforms-951-field_4\" class=\"wpforms-field-medium\" name=\"wpforms[fields][4]\" aria-errormessage=\"wpforms-951-field_4-error\" ><\/div><div id=\"wpforms-951-field_13-container\" class=\"wpforms-field wpforms-field-checkbox\" data-field-id=\"13\"><fieldset><legend class=\"wpforms-field-label\">Bitte anklicken, welche Module du mitmachen m\u00f6chtest: <span class=\"wpforms-required-label\" aria-hidden=\"true\">*<\/span><\/legend><ul id=\"wpforms-951-field_13\" class=\"wpforms-field-required\"><li class=\"choice-1 depth-1\"><input type=\"checkbox\" id=\"wpforms-951-field_13_1\" name=\"wpforms[fields][13][]\" value=\"Anmeldung Aufbaumodul I - 14.6.2025\" aria-errormessage=\"wpforms-951-field_13_1-error\" required ><label class=\"wpforms-field-label-inline\" for=\"wpforms-951-field_13_1\">Anmeldung Aufbaumodul I &#8211; 14.6.2025<\/label><\/li><li class=\"choice-2 depth-1\"><input type=\"checkbox\" id=\"wpforms-951-field_13_2\" name=\"wpforms[fields][13][]\" value=\"Anmeldung Aufbaumodul II - in Absprache\" aria-errormessage=\"wpforms-951-field_13_2-error\" required ><label class=\"wpforms-field-label-inline\" for=\"wpforms-951-field_13_2\">Anmeldung Aufbaumodul II &#8211; in Absprache<\/label><\/li><\/ul><\/fieldset><\/div><div id=\"wpforms-951-field_6-container\" class=\"wpforms-field wpforms-field-textarea\" data-field-id=\"6\"><label class=\"wpforms-field-label\" for=\"wpforms-951-field_6\">etwaige Nachricht, Frage oder Wunsch<\/label><textarea id=\"wpforms-951-field_6\" class=\"wpforms-field-medium\" name=\"wpforms[fields][6]\" aria-errormessage=\"wpforms-951-field_6-error\" ><\/textarea><\/div><\/div><!-- .wpforms-field-container --><div class=\"wpforms-submit-container\" ><input type=\"hidden\" name=\"wpforms[id]\" value=\"951\"><input type=\"hidden\" name=\"page_title\" value=\"\"><input type=\"hidden\" name=\"page_url\" value=\"https:\/\/wir-philosophieren.at\/index.php?rest_route=\/wp\/v2\/pages\/103\"><button type=\"submit\" name=\"wpforms[submit]\" id=\"wpforms-submit-951\" class=\"wpforms-submit\" data-alt-text=\"Wird gesendet\u00a0\u2026\" data-submit-text=\"Absenden\" aria-live=\"assertive\" value=\"wpforms-submit\">Absenden<\/button><img loading=\"lazy\" decoding=\"async\" src=\"https:\/\/wir-philosophieren.at\/wp-content\/plugins\/wpforms-lite\/assets\/images\/submit-spin.svg\" class=\"wpforms-submit-spinner\" style=\"display: none;\" width=\"26\" height=\"26\" alt=\"Wird geladen\"><\/div><\/form><\/div>  <!-- .wpforms-container -->","protected":false},"excerpt":{"rendered":"<p>Die Aufbaumodule laden ein, das Philosophieren nach dem Lehrgang, wo die Grundtechnik erlernt wurde, weiter zu entwickeln und erweiterte Methoden kennen zu lernen. Aufbaumodul I Im Aufbaumodul I lernst du weitere Methoden und Varianten des Philosophierens in unterschiedlichen Kleinworkshops kennen. Es werden aufbauend auf die Basisausbildung neue und erg\u00e4nzende Methoden vorgestellt, mit denen das eigene&hellip;&nbsp;<a href=\"https:\/\/wir-philosophieren.at\/?page_id=103\" rel=\"bookmark\">Weiterlesen &raquo;<span class=\"screen-reader-text\">Aufbaumodule<\/span><\/a><\/p>\n","protected":false},"author":1,"featured_media":0,"parent":0,"menu_order":0,"comment_status":"closed","ping_status":"closed","template":"","meta":{"neve_meta_sidebar":"","neve_meta_container":"","neve_meta_enable_content_width":"","neve_meta_content_width":0,"neve_meta_title_alignment":"","neve_meta_author_avatar":"","neve_post_elements_order":"","neve_meta_disable_header":"","neve_meta_disable_footer":"","neve_meta_disable_title":"","footnotes":""},"class_list":["post-103","page","type-page","status-publish","hentry"],"_links":{"self":[{"href":"https:\/\/wir-philosophieren.at\/index.php?rest_route=\/wp\/v2\/pages\/103","targetHints":{"allow":["GET"]}}],"collection":[{"href":"https:\/\/wir-philosophieren.at\/index.php?rest_route=\/wp\/v2\/pages"}],"about":[{"href":"https:\/\/wir-philosophieren.at\/index.php?rest_route=\/wp\/v2\/types\/page"}],"author":[{"embeddable":true,"href":"https:\/\/wir-philosophieren.at\/index.php?rest_route=\/wp\/v2\/users\/1"}],"replies":[{"embeddable":true,"href":"https:\/\/wir-philosophieren.at\/index.php?rest_route=%2Fwp%2Fv2%2Fcomments&post=103"}],"version-history":[{"count":7,"href":"https:\/\/wir-philosophieren.at\/index.php?rest_route=\/wp\/v2\/pages\/103\/revisions"}],"predecessor-version":[{"id":999,"href":"https:\/\/wir-philosophieren.at\/index.php?rest_route=\/wp\/v2\/pages\/103\/revisions\/999"}],"wp:attachment":[{"href":"https:\/\/wir-philosophieren.at\/index.php?rest_route=%2Fwp%2Fv2%2Fmedia&parent=103"}],"curies":[{"name":"wp","href":"https:\/\/api.w.org\/{rel}","templated":true}]}}