{"id":102,"date":"2025-02-09T12:06:31","date_gmt":"2025-02-09T12:06:31","guid":{"rendered":"https:\/\/wir-philosophieren.at\/?page_id=102"},"modified":"2026-01-12T20:59:23","modified_gmt":"2026-01-12T20:59:23","slug":"philosophische-konzerte","status":"publish","type":"page","link":"https:\/\/wir-philosophieren.at\/?page_id=102","title":{"rendered":"Konzerte"},"content":{"rendered":"<p>Lustvolle und lustige Mitmach-Konzerte mit philosophischem Kontext.<\/p><p>Die Konzerte sind f\u00fcr jung und alt.<\/p><div class=\"wp-block-image\"><figure class=\"aligncenter size-large is-resized has-custom-border\"><img loading=\"lazy\" decoding=\"async\" width=\"1024\" height=\"576\" src=\"https:\/\/wir-philosophieren.at\/wp-content\/uploads\/2025\/02\/DSC222-1024x576.jpg\" alt=\"\" class=\"wp-image-212\" style=\"border-radius:60px;width:715px;height:auto\" srcset=\"https:\/\/wir-philosophieren.at\/wp-content\/uploads\/2025\/02\/DSC222-1024x576.jpg 1024w, https:\/\/wir-philosophieren.at\/wp-content\/uploads\/2025\/02\/DSC222-300x169.jpg 300w, https:\/\/wir-philosophieren.at\/wp-content\/uploads\/2025\/02\/DSC222-768x432.jpg 768w, https:\/\/wir-philosophieren.at\/wp-content\/uploads\/2025\/02\/DSC222-600x338.jpg 600w, https:\/\/wir-philosophieren.at\/wp-content\/uploads\/2025\/02\/DSC222.jpg 1200w\" sizes=\"auto, (max-width: 1024px) 100vw, 1024px\" \/><\/figure><\/div><div style=\"height:42px\" aria-hidden=\"true\" class=\"wp-block-spacer\"><\/div><p>Ein Konzert dauert in etwa eine Stunde. Wir spielen nach M\u00f6glichkeit zu zweit (Uly und Christiane). Das Programm f\u00fchrt Euch in die Welt der Fragen und Ihr k\u00f6nnt gerne beim Finden von Fragen oder beim Mitsingen mitmachen. Uly hat auch immer ein paar besondere &#8222;Dinge&#8220; mit, die es zu erforschen gibt. Wir singen einige schon bekannte Lieder wie das &#8222;Wenn nix is&#8216;, was is&#8216; dann?&#8220; oder nehmen Euch auf eine Reise mit auf einem Wal mit dem Lied &#8222;das Rote Meer&#8220;. Das Konzert ist ein Mitmachprogramm f\u00fcr jung und alt.<br>Kosten 350 \u20ac f\u00fcr bis zu 50 Personen (ohne Anreisekosten).<\/p><div class=\"wp-block-group is-content-justification-center is-nowrap is-layout-flex wp-container-core-group-is-layout-1 wp-block-group-is-layout-flex\"><p>H\u00f6rproben von den Liedern gibt es auf: <\/p>\n\n<figure class=\"wp-block-image size-full\"><img loading=\"lazy\" decoding=\"async\" width=\"256\" height=\"42\" src=\"https:\/\/wir-philosophieren.at\/wp-content\/uploads\/2025\/02\/logo-bandcamp.png\" alt=\"\" class=\"wp-image-575\"\/><\/figure><\/div><h2 class=\"wp-block-heading\">Anfrage schicken<\/h2><div class=\"wpforms-container wpforms-container-full wpforms-block wpforms-block-f05e9271-d9e8-4503-a225-875ec42f4cb6 wpforms-render-modern\" id=\"wpforms-243\"><form id=\"wpforms-form-243\" class=\"wpforms-validate wpforms-form wpforms-ajax-form\" data-formid=\"243\" method=\"post\" enctype=\"multipart\/form-data\" action=\"\/index.php?rest_route=%2Fwp%2Fv2%2Fpages%2F102\" data-token=\"14f482d4b4508a73d69f6070d2f00988\" data-token-time=\"1776956430\"><noscript class=\"wpforms-error-noscript\">Bitte aktiviere JavaScript in deinem Browser, um dieses Formular fertigzustellen.<\/noscript><div class=\"wpforms-hidden\" id=\"wpforms-error-noscript\">Bitte aktiviere JavaScript in deinem Browser, um dieses Formular fertigzustellen.<\/div><div class=\"wpforms-field-container\"><div id=\"wpforms-243-field_1-container\" class=\"wpforms-field wpforms-field-name\" data-field-id=\"1\"><fieldset><legend class=\"wpforms-field-label\">Name <span class=\"wpforms-required-label\" aria-hidden=\"true\">*<\/span><\/legend><div class=\"wpforms-field-row wpforms-field-medium\"><div class=\"wpforms-field-row-block wpforms-first wpforms-one-half\"><input type=\"text\" id=\"wpforms-243-field_1\" class=\"wpforms-field-name-first wpforms-field-required\" name=\"wpforms[fields][1][first]\" aria-errormessage=\"wpforms-243-field_1-error\" required><label for=\"wpforms-243-field_1\" class=\"wpforms-field-sublabel after\">Vorname<\/label><\/div><div class=\"wpforms-field-row-block wpforms-one-half\"><input type=\"text\" id=\"wpforms-243-field_1-last\" class=\"wpforms-field-name-last wpforms-field-required\" name=\"wpforms[fields][1][last]\" aria-errormessage=\"wpforms-243-field_1-last-error\" required><label for=\"wpforms-243-field_1-last\" class=\"wpforms-field-sublabel after\">Nachname<\/label><\/div><\/div><\/fieldset><\/div><div id=\"wpforms-243-field_2-container\" class=\"wpforms-field wpforms-field-email\" data-field-id=\"2\"><fieldset><legend class=\"wpforms-field-label\">E-Mail-Adresse <span class=\"wpforms-required-label\" aria-hidden=\"true\">*<\/span><\/legend><div class=\"wpforms-field-row wpforms-field-medium\"><div class=\"wpforms-field-row-block wpforms-one-half wpforms-first\"><input type=\"email\" id=\"wpforms-243-field_2\" class=\"wpforms-field-required wpforms-field-email-primary\" name=\"wpforms[fields][2][primary]\" spellcheck=\"false\" aria-errormessage=\"wpforms-243-field_2-error\" required><label for=\"wpforms-243-field_2\" class=\"wpforms-field-sublabel after\">E-Mail-Adresse<\/label><\/div><div class=\"wpforms-field-row-block wpforms-one-half\"><input type=\"email\" id=\"wpforms-243-field_2-secondary\" class=\"wpforms-field-email-secondary wpforms-field-required\" data-rule-confirm=\"#wpforms-243-field_2\" name=\"wpforms[fields][2][secondary]\" spellcheck=\"false\" aria-errormessage=\"wpforms-243-field_2-secondary-error\" required><label for=\"wpforms-243-field_2-secondary\" class=\"wpforms-field-sublabel after\">E-Mail best\u00e4tigen<\/label><\/div><\/div><\/fieldset><\/div><div id=\"wpforms-243-field_4-container\" class=\"wpforms-field wpforms-field-text\" data-field-id=\"4\"><label class=\"wpforms-field-label\" for=\"wpforms-243-field_4\">Telefonnummer<\/label><input type=\"text\" id=\"wpforms-243-field_4\" class=\"wpforms-field-small\" name=\"wpforms[fields][4]\" aria-errormessage=\"wpforms-243-field_4-error\" ><\/div><div id=\"wpforms-243-field_3-container\" class=\"wpforms-field wpforms-field-textarea\" data-field-id=\"3\"><label class=\"wpforms-field-label\" for=\"wpforms-243-field_3\">Kommentar oder Nachricht<\/label><textarea id=\"wpforms-243-field_3\" class=\"wpforms-field-medium\" name=\"wpforms[fields][3]\" aria-errormessage=\"wpforms-243-field_3-error\" ><\/textarea><\/div><div id=\"wpforms-243-field_5-container\" class=\"wpforms-field wpforms-field-checkbox\" data-field-id=\"5\"><fieldset><legend class=\"wpforms-field-label\">Newsletter<\/legend><ul id=\"wpforms-243-field_5\"><li class=\"choice-1 depth-1\"><input type=\"checkbox\" id=\"wpforms-243-field_5_1\" name=\"wpforms[fields][5][]\" value=\"Ich bin noch nicht im Verteiler und freue mich \u00fcber 1-2 Emails pro Jahr mit Informationen der Akademie. Ich habe die Datenschutzbestimmungen in unseren AGBs gelesen.\" aria-errormessage=\"wpforms-243-field_5_1-error\"  ><label class=\"wpforms-field-label-inline\" for=\"wpforms-243-field_5_1\">Ich bin noch nicht im Verteiler und freue mich \u00fcber 1-2 Emails pro Jahr mit Informationen der Akademie. Ich habe die Datenschutzbestimmungen in unseren AGBs gelesen.<\/label><\/li><\/ul><\/fieldset><\/div><\/div><!-- .wpforms-field-container --><div class=\"wpforms-recaptcha-container wpforms-is-recaptcha wpforms-is-recaptcha-type-v2\" ><div class=\"g-recaptcha\" data-sitekey=\"6LeQD7wsAAAAALbcn8TAo9Y_bKI0IY8Za7-Kl3Pl\"><\/div><input type=\"text\" name=\"g-recaptcha-hidden\" class=\"wpforms-recaptcha-hidden\" style=\"position:absolute!important;clip:rect(0,0,0,0)!important;height:1px!important;width:1px!important;border:0!important;overflow:hidden!important;padding:0!important;margin:0!important;\" data-rule-recaptcha=\"1\"><\/div><div class=\"wpforms-submit-container\" ><input type=\"hidden\" name=\"wpforms[id]\" value=\"243\"><input type=\"hidden\" name=\"page_title\" value=\"\"><input type=\"hidden\" name=\"page_url\" value=\"https:\/\/wir-philosophieren.at\/index.php?rest_route=\/wp\/v2\/pages\/102\"><button type=\"submit\" name=\"wpforms[submit]\" id=\"wpforms-submit-243\" class=\"wpforms-submit\" data-alt-text=\"Wird gesendet\u00a0\u2026\" data-submit-text=\"Absenden\" aria-live=\"assertive\" value=\"wpforms-submit\">Absenden<\/button><img loading=\"lazy\" decoding=\"async\" src=\"https:\/\/wir-philosophieren.at\/wp-content\/plugins\/wpforms-lite\/assets\/images\/submit-spin.svg\" class=\"wpforms-submit-spinner\" style=\"display: none;\" width=\"26\" height=\"26\" alt=\"Wird geladen\"><\/div><\/form><\/div>  <!-- .wpforms-container --><div style=\"height:31px\" aria-hidden=\"true\" class=\"wp-block-spacer\"><\/div>","protected":false},"excerpt":{"rendered":"<p>Lustvolle und lustige Mitmach-Konzerte mit philosophischem Kontext. Die Konzerte sind f\u00fcr jung und alt. Ein Konzert dauert in etwa eine Stunde. Wir spielen nach M\u00f6glichkeit zu zweit (Uly und Christiane). Das Programm f\u00fchrt Euch in die Welt der Fragen und Ihr k\u00f6nnt gerne beim Finden von Fragen oder beim Mitsingen mitmachen. Uly hat auch immer&hellip;&nbsp;<a href=\"https:\/\/wir-philosophieren.at\/?page_id=102\" rel=\"bookmark\">Weiterlesen &raquo;<span class=\"screen-reader-text\">Konzerte<\/span><\/a><\/p>\n","protected":false},"author":1,"featured_media":0,"parent":0,"menu_order":0,"comment_status":"closed","ping_status":"closed","template":"","meta":{"neve_meta_sidebar":"","neve_meta_container":"","neve_meta_enable_content_width":"","neve_meta_content_width":0,"neve_meta_title_alignment":"","neve_meta_author_avatar":"","neve_post_elements_order":"","neve_meta_disable_header":"","neve_meta_disable_footer":"","neve_meta_disable_title":"","footnotes":""},"class_list":["post-102","page","type-page","status-publish","hentry"],"_links":{"self":[{"href":"https:\/\/wir-philosophieren.at\/index.php?rest_route=\/wp\/v2\/pages\/102","targetHints":{"allow":["GET"]}}],"collection":[{"href":"https:\/\/wir-philosophieren.at\/index.php?rest_route=\/wp\/v2\/pages"}],"about":[{"href":"https:\/\/wir-philosophieren.at\/index.php?rest_route=\/wp\/v2\/types\/page"}],"author":[{"embeddable":true,"href":"https:\/\/wir-philosophieren.at\/index.php?rest_route=\/wp\/v2\/users\/1"}],"replies":[{"embeddable":true,"href":"https:\/\/wir-philosophieren.at\/index.php?rest_route=%2Fwp%2Fv2%2Fcomments&post=102"}],"version-history":[{"count":7,"href":"https:\/\/wir-philosophieren.at\/index.php?rest_route=\/wp\/v2\/pages\/102\/revisions"}],"predecessor-version":[{"id":1279,"href":"https:\/\/wir-philosophieren.at\/index.php?rest_route=\/wp\/v2\/pages\/102\/revisions\/1279"}],"wp:attachment":[{"href":"https:\/\/wir-philosophieren.at\/index.php?rest_route=%2Fwp%2Fv2%2Fmedia&parent=102"}],"curies":[{"name":"wp","href":"https:\/\/api.w.org\/{rel}","templated":true}]}}