{"id":100,"date":"2025-02-09T12:06:31","date_gmt":"2025-02-09T12:06:31","guid":{"rendered":"https:\/\/wir-philosophieren.at\/?page_id=100"},"modified":"2026-01-10T15:42:17","modified_gmt":"2026-01-10T15:42:17","slug":"workshops","status":"publish","type":"page","link":"https:\/\/wir-philosophieren.at\/?page_id=100","title":{"rendered":"Workshops"},"content":{"rendered":"<figure class=\"wp-block-gallery has-nested-images columns-default is-cropped wp-block-gallery-1 is-layout-flex wp-block-gallery-is-layout-flex\"><figure class=\"wp-block-image size-large\"><img loading=\"lazy\" decoding=\"async\" width=\"640\" height=\"480\" data-id=\"982\" src=\"https:\/\/wir-philosophieren.at\/wp-content\/uploads\/2025\/03\/Philosophieren-mit-Uly-Paya.jpg\" alt=\"\" class=\"wp-image-982\" srcset=\"https:\/\/wir-philosophieren.at\/wp-content\/uploads\/2025\/03\/Philosophieren-mit-Uly-Paya.jpg 640w, https:\/\/wir-philosophieren.at\/wp-content\/uploads\/2025\/03\/Philosophieren-mit-Uly-Paya-300x225.jpg 300w, https:\/\/wir-philosophieren.at\/wp-content\/uploads\/2025\/03\/Philosophieren-mit-Uly-Paya-600x450.jpg 600w\" sizes=\"auto, (max-width: 640px) 100vw, 640px\" \/><\/figure>\n\n<figure class=\"wp-block-image size-large\"><img loading=\"lazy\" decoding=\"async\" width=\"1024\" height=\"683\" data-id=\"1051\" src=\"https:\/\/wir-philosophieren.at\/wp-content\/uploads\/2025\/07\/imkern.jpg\" alt=\"\" class=\"wp-image-1051\" srcset=\"https:\/\/wir-philosophieren.at\/wp-content\/uploads\/2025\/07\/imkern.jpg 1024w, https:\/\/wir-philosophieren.at\/wp-content\/uploads\/2025\/07\/imkern-300x200.jpg 300w, https:\/\/wir-philosophieren.at\/wp-content\/uploads\/2025\/07\/imkern-768x512.jpg 768w, https:\/\/wir-philosophieren.at\/wp-content\/uploads\/2025\/07\/imkern-930x620.jpg 930w, https:\/\/wir-philosophieren.at\/wp-content\/uploads\/2025\/07\/imkern-600x400.jpg 600w\" sizes=\"auto, (max-width: 1024px) 100vw, 1024px\" \/><\/figure>\n\n<figure class=\"wp-block-image size-large\"><img loading=\"lazy\" decoding=\"async\" width=\"320\" height=\"180\" data-id=\"978\" src=\"https:\/\/wir-philosophieren.at\/wp-content\/uploads\/2025\/03\/DSC_5320.jpg\" alt=\"\" class=\"wp-image-978\" srcset=\"https:\/\/wir-philosophieren.at\/wp-content\/uploads\/2025\/03\/DSC_5320.jpg 320w, https:\/\/wir-philosophieren.at\/wp-content\/uploads\/2025\/03\/DSC_5320-300x169.jpg 300w\" sizes=\"auto, (max-width: 320px) 100vw, 320px\" \/><\/figure>\n\n<figure class=\"wp-block-image size-large\"><img loading=\"lazy\" decoding=\"async\" width=\"1024\" height=\"512\" data-id=\"1004\" src=\"https:\/\/wir-philosophieren.at\/wp-content\/uploads\/2025\/06\/malen2-1024x512.jpg\" alt=\"\" class=\"wp-image-1004\" srcset=\"https:\/\/wir-philosophieren.at\/wp-content\/uploads\/2025\/06\/malen2-1024x512.jpg 1024w, https:\/\/wir-philosophieren.at\/wp-content\/uploads\/2025\/06\/malen2-300x150.jpg 300w, https:\/\/wir-philosophieren.at\/wp-content\/uploads\/2025\/06\/malen2-768x384.jpg 768w, https:\/\/wir-philosophieren.at\/wp-content\/uploads\/2025\/06\/malen2-1536x768.jpg 1536w, https:\/\/wir-philosophieren.at\/wp-content\/uploads\/2025\/06\/malen2-600x300.jpg 600w, https:\/\/wir-philosophieren.at\/wp-content\/uploads\/2025\/06\/malen2.jpg 1600w\" sizes=\"auto, (max-width: 1024px) 100vw, 1024px\" \/><\/figure>\n\n<figure class=\"wp-block-image size-large\"><img loading=\"lazy\" decoding=\"async\" width=\"619\" height=\"552\" data-id=\"632\" src=\"https:\/\/wir-philosophieren.at\/wp-content\/uploads\/2025\/02\/familie.jpg\" alt=\"\" class=\"wp-image-632\" srcset=\"https:\/\/wir-philosophieren.at\/wp-content\/uploads\/2025\/02\/familie.jpg 619w, https:\/\/wir-philosophieren.at\/wp-content\/uploads\/2025\/02\/familie-300x268.jpg 300w, https:\/\/wir-philosophieren.at\/wp-content\/uploads\/2025\/02\/familie-600x535.jpg 600w\" sizes=\"auto, (max-width: 619px) 100vw, 619px\" \/><\/figure><\/figure><div style=\"height:24px\" aria-hidden=\"true\" class=\"wp-block-spacer\"><\/div><div style=\"height:17px\" aria-hidden=\"true\" class=\"wp-block-spacer\"><\/div><h2 class=\"wp-block-heading has-text-align-center\">F\u00fcr wen h\u00e4ttest Du gerne einen Workshop?<\/h2><p>Anmerkung: alle Angebote sind auch mit gemischten Altersgruppen m\u00f6glich, bitte einfach anfragen!<\/p><div style=\"height:7px\" aria-hidden=\"true\" class=\"wp-block-spacer\"><\/div><div class=\"wp-block-buttons is-content-justification-center is-layout-flex wp-container-core-buttons-is-layout-1 wp-block-buttons-is-layout-flex\"><div class=\"wp-block-button is-style-primary\"><a class=\"wp-block-button__link wp-element-button\" href=\"https:\/\/wir-philosophieren.at\/?page_id=346\" style=\"border-radius:22px\">Workshops f\u00fcr Kinder<\/a><\/div><\/div><p class=\"has-text-align-center\">Kindergruppen, Kinderg\u00e4rten, Schulklassen, Vereine&#8230;<\/p><div style=\"height:18px\" aria-hidden=\"true\" class=\"wp-block-spacer\"><\/div><div class=\"wp-block-buttons is-content-justification-center is-layout-flex wp-container-core-buttons-is-layout-2 wp-block-buttons-is-layout-flex\"><div class=\"wp-block-button is-style-primary\"><a class=\"wp-block-button__link wp-element-button\" href=\"https:\/\/wir-philosophieren.at\/?page_id=767\" style=\"border-radius:22px\">Bildungschancen Workshops Wien<\/a><\/div><\/div><p class=\"has-text-align-center\">kostenfrei f\u00fcr Wiener Schulklassen<\/p><div style=\"height:20px\" aria-hidden=\"true\" class=\"wp-block-spacer\"><\/div><div class=\"wp-block-buttons is-content-justification-center is-layout-flex wp-container-core-buttons-is-layout-3 wp-block-buttons-is-layout-flex\"><div class=\"wp-block-button is-style-primary\"><a class=\"wp-block-button__link wp-element-button\" href=\"https:\/\/wir-philosophieren.at\/?page_id=368\" style=\"border-radius:22px\">Workshops f\u00fcr Jugendliche<\/a><\/div><\/div><p class=\"has-text-align-center\">Filmen, Sozialkompetenz, Fragen stellen&#8230;<\/p><div style=\"height:56px\" aria-hidden=\"true\" class=\"wp-block-spacer\"><\/div><div class=\"wp-block-buttons is-content-justification-center is-layout-flex wp-container-core-buttons-is-layout-4 wp-block-buttons-is-layout-flex\"><div class=\"wp-block-button is-style-primary\"><a class=\"wp-block-button__link wp-element-button\" href=\"https:\/\/wir-philosophieren.at\/?page_id=372\" style=\"border-radius:22px\">Workshops f\u00fcr Erwachsene<\/a><\/div><\/div><p class=\"has-text-align-center\">Eltern, P\u00e4dagogInnen, Selbst\u00e4ndige, Teams, Vereine&#8230;<\/p><div style=\"height:109px\" aria-hidden=\"true\" class=\"wp-block-spacer\"><\/div><p><\/p>","protected":false},"excerpt":{"rendered":"<p>F\u00fcr wen h\u00e4ttest Du gerne einen Workshop? Anmerkung: alle Angebote sind auch mit gemischten Altersgruppen m\u00f6glich, bitte einfach anfragen! Kindergruppen, Kinderg\u00e4rten, Schulklassen, Vereine&#8230; kostenfrei f\u00fcr Wiener Schulklassen Filmen, Sozialkompetenz, Fragen stellen&#8230; Eltern, P\u00e4dagogInnen, Selbst\u00e4ndige, Teams, Vereine&#8230;<\/p>\n","protected":false},"author":1,"featured_media":269,"parent":0,"menu_order":0,"comment_status":"closed","ping_status":"closed","template":"","meta":{"neve_meta_sidebar":"","neve_meta_container":"","neve_meta_enable_content_width":"","neve_meta_content_width":0,"neve_meta_title_alignment":"center","neve_meta_author_avatar":"","neve_post_elements_order":"","neve_meta_disable_header":"","neve_meta_disable_footer":"","neve_meta_disable_title":"","footnotes":""},"class_list":["post-100","page","type-page","status-publish","has-post-thumbnail","hentry"],"_links":{"self":[{"href":"https:\/\/wir-philosophieren.at\/index.php?rest_route=\/wp\/v2\/pages\/100","targetHints":{"allow":["GET"]}}],"collection":[{"href":"https:\/\/wir-philosophieren.at\/index.php?rest_route=\/wp\/v2\/pages"}],"about":[{"href":"https:\/\/wir-philosophieren.at\/index.php?rest_route=\/wp\/v2\/types\/page"}],"author":[{"embeddable":true,"href":"https:\/\/wir-philosophieren.at\/index.php?rest_route=\/wp\/v2\/users\/1"}],"replies":[{"embeddable":true,"href":"https:\/\/wir-philosophieren.at\/index.php?rest_route=%2Fwp%2Fv2%2Fcomments&post=100"}],"version-history":[{"count":24,"href":"https:\/\/wir-philosophieren.at\/index.php?rest_route=\/wp\/v2\/pages\/100\/revisions"}],"predecessor-version":[{"id":1238,"href":"https:\/\/wir-philosophieren.at\/index.php?rest_route=\/wp\/v2\/pages\/100\/revisions\/1238"}],"wp:featuredmedia":[{"embeddable":true,"href":"https:\/\/wir-philosophieren.at\/index.php?rest_route=\/wp\/v2\/media\/269"}],"wp:attachment":[{"href":"https:\/\/wir-philosophieren.at\/index.php?rest_route=%2Fwp%2Fv2%2Fmedia&parent=100"}],"curies":[{"name":"wp","href":"https:\/\/api.w.org\/{rel}","templated":true}]}}